{"id":8804,"date":"2025-11-06T10:16:06","date_gmt":"2025-11-06T09:16:06","guid":{"rendered":"https:\/\/plannerexhibitions.com\/financing\/partners-2026\/"},"modified":"2025-11-06T10:16:06","modified_gmt":"2025-11-06T09:16:06","slug":"partners-2026","status":"publish","type":"page","link":"https:\/\/plannerexhibitions.com\/en\/financing\/partners-2026\/","title":{"rendered":"Partners Real Estate Financing Forum 2026"},"content":{"rendered":"\n<div class=\"wp-block-group center-logos\"><div class=\"wp-block-group__inner-container is-layout-constrained wp-block-group-is-layout-constrained\"><p>\n<div class=\"wp-block-group g-listado-logos featured\"><div class=\"wp-block-group__inner-container is-layout-constrained wp-block-group-is-layout-constrained\"><p><div class=\"pro-logos-main\"><p><strong>Silver Partner<\/strong><\/p><div class=\"pro-logos-content\"><div class=\"pro-logo-wrap-evento\" id=\"528\"><div class=\"pro-logo\"><a href=\"https:\/\/www.civislend.com\/\" target=\"_blank\" rel=\"noopener\"><img decoding=\"async\" class=\"alignnone\" src=\"https:\/\/plannerexhibitions.com\/wp-content\/uploads\/2024\/06\/Civislend-Financiacion-alternativa_POSITIVO.webp\" alt=civislend financiaci\u00f3n alternativa><\/a><\/div><\/div><div class=\"pro-logo-wrap-evento\" id=\"525\"><div class=\"pro-logo\"><a href=\"https:\/\/tqeurocredit.com\/\" target=\"_blank\" rel=\"noopener\"><img decoding=\"async\" class=\"alignnone\" src=\"https:\/\/plannerexhibitions.com\/wp-content\/uploads\/2024\/06\/TQ-Euricredit.webp\" alt=tq eurocredit><\/a><\/div><\/div><div class=\"pro-logo-wrap-evento\" id=\"495\"><div class=\"pro-logo\"><a href=\"https:\/\/urbanitae.com\/es\/\" target=\"_blank\" rel=\"noopener\"><img decoding=\"async\" class=\"alignnone\" src=\"https:\/\/plannerexhibitions.com\/wp-content\/uploads\/2024\/06\/urbanitae.jpg\" alt=urbanitae><\/a><\/div><\/div><\/div><\/div><div class=\"pro-logos-main\"><p><strong>Bronze Partner<\/strong><\/p><div class=\"pro-logos-content\"><div class=\"pro-logo-wrap-evento\" id=\"9347\"><div class=\"pro-logo\"><a href=\"https:\/\/www.argis.fund\/es\/\" target=\"_blank\" rel=\"noopener\"><img decoding=\"async\" class=\"alignnone\" src=\"https:\/\/plannerexhibitions.com\/wp-content\/uploads\/2026\/02\/argis-logo.jpg\" alt=argis><\/a><\/div><\/div><div class=\"pro-logo-wrap-evento\" id=\"531\"><div class=\"pro-logo\"><a href=\"https:\/\/page.clubfunding.fr\/es-es\/operador-inmobiliario\" target=\"_blank\" rel=\"noopener\"><img decoding=\"async\" class=\"alignnone\" src=\"https:\/\/plannerexhibitions.com\/wp-content\/uploads\/2024\/06\/Club-Funding.png\" alt=clubfunding><\/a><\/div><\/div><div class=\"pro-logo-wrap-evento\" id=\"534\"><div class=\"pro-logo\"><a href=\"https:\/\/www.izilend.com\/es\" target=\"_blank\" rel=\"noopener\"><img decoding=\"async\" class=\"alignnone\" src=\"https:\/\/plannerexhibitions.com\/wp-content\/uploads\/2024\/06\/izilend_logotipo_H.webp\" alt=izilend><\/a><\/div><\/div><div class=\"pro-logo-wrap-evento\" id=\"537\"><div class=\"pro-logo\"><a href=\"https:\/\/strongholdam.com\/\" target=\"_blank\" rel=\"noopener\"><img decoding=\"async\" class=\"alignnone\" src=\"https:\/\/plannerexhibitions.com\/wp-content\/uploads\/2024\/06\/stonghold.webp\" alt=stronghold><\/a><\/div><\/div><\/div><\/div><div class=\"pro-logos-main\"><p><strong>Supporting Partner<\/strong><\/p><div class=\"pro-logos-content\"><div class=\"pro-logo-wrap-evento\" id=\"7832\"><div class=\"pro-logo\"><a href=\"https:\/\/alasviviendaasequible.com\/\" target=\"_blank\" rel=\"noopener\"><img decoding=\"async\" class=\"alignnone\" src=\"https:\/\/plannerexhibitions.com\/wp-content\/uploads\/2025\/10\/ALAS.jpg\" alt=alas vivienda asequible><\/a><\/div><\/div><div class=\"pro-logo-wrap-evento\" id=\"5795\"><div class=\"pro-logo\"><a href=\"https:\/\/gibobs.com\/\" target=\"_blank\" rel=\"noopener\"><img decoding=\"async\" class=\"alignnone\" src=\"https:\/\/plannerexhibitions.com\/wp-content\/uploads\/2025\/02\/Gibobs.jpg\" alt=gibobs><\/a><\/div><\/div><div class=\"pro-logo-wrap-evento\" id=\"9308\"><div class=\"pro-logo\"><a href=\"https:\/\/www.grupo-st.es\/\" target=\"_blank\" rel=\"noopener\"><img decoding=\"async\" class=\"alignnone\" src=\"https:\/\/plannerexhibitions.com\/wp-content\/uploads\/2026\/01\/sociedad-de-tasacion-grupo.jpg\" alt=grupo sociedad de tasaci\u00f3n><\/a><\/div><\/div><div class=\"pro-logo-wrap-evento\" id=\"7826\"><div class=\"pro-logo\"><a href=\"https:\/\/www.nurbex.es\/\" target=\"_blank\" rel=\"noopener\"><img decoding=\"async\" class=\"alignnone\" src=\"https:\/\/plannerexhibitions.com\/wp-content\/uploads\/2025\/10\/Nurbex-1.jpeg\" alt=nurbex><\/a><\/div><\/div><div class=\"pro-logo-wrap-evento\" id=\"9346\"><div class=\"pro-logo\"><a href=\"https:\/\/oresybryan.com\/\" target=\"_blank\" rel=\"noopener\"><img decoding=\"async\" class=\"alignnone\" src=\"https:\/\/plannerexhibitions.com\/wp-content\/uploads\/2026\/02\/logo-ores-futura-azul.png\" alt=ores &#038; bryan \/ futura insurance><\/a><\/div><\/div><div class=\"pro-logo-wrap-evento\" id=\"9076\"><div class=\"pro-logo\"><a href=\"https:\/\/sodacrowd.com\/\" target=\"_blank\" rel=\"noopener\"><img decoding=\"async\" class=\"alignnone\" src=\"https:\/\/plannerexhibitions.com\/wp-content\/uploads\/2026\/01\/Crowdhouse-Europe_Soda-House.png\" alt=soda crowd><\/a><\/div><\/div><\/div><\/div><div class=\"pro-logos-main\"><p><strong>NGO Partner<\/strong><\/p><div class=\"pro-logos-content\"><div class=\"pro-logo-wrap-evento\" id=\"1544\"><div class=\"pro-logo\"><a href=\"https:\/\/fundacionprodis.org\/\" target=\"_blank\" rel=\"noopener\"><img decoding=\"async\" class=\"alignnone\" src=\"https:\/\/plannerexhibitions.com\/wp-content\/uploads\/2024\/06\/PRODIS.jpg\" alt=fundaci\u00f3n prodis><\/a><\/div><\/div><\/div><\/div><\/p>\n<\/div><\/div>\n\n\n\n<p><\/p>\n\n<div class=\"wp-block-group g-listado-logos featured\"><div class=\"wp-block-group__inner-container is-layout-constrained wp-block-group-is-layout-constrained\"><p><div class=\"pro-logos-main\"><p><strong>Industry Partner<\/strong><\/p><div class=\"pro-logos-content\"><div class=\"pro-logo-wrap-evento\" id=\"237\"><div class=\"pro-logo\"><a href=\"https:\/\/acpmalaga.com\/\" target=\"_blank\" rel=\"noopener\"><img decoding=\"async\" class=\"alignnone\" src=\"https:\/\/plannerexhibitions.com\/wp-content\/uploads\/2024\/06\/ACP-Malaga-1.jpg\" alt=acp m\u00e1laga-asoc. provincial constructores y promotores m\u00e1laga><\/a><\/div><\/div><div class=\"pro-logo-wrap-evento\" id=\"411\"><div class=\"pro-logo\"><a href=\"http:\/\/www.asociacionaev.org\/\" target=\"_blank\" rel=\"noopener\"><img decoding=\"async\" class=\"alignnone\" src=\"https:\/\/plannerexhibitions.com\/wp-content\/uploads\/2024\/06\/aev.jpg\" alt=aev-asociaci\u00f3n espa\u00f1ola de an\u00e1lisis de valor><\/a><\/div><\/div><div class=\"pro-logo-wrap-evento\" id=\"402\"><div class=\"pro-logo\"><a href=\"http:\/\/www.apce.es\/\" target=\"_blank\" rel=\"noopener\"><img decoding=\"async\" class=\"alignnone\" src=\"https:\/\/plannerexhibitions.com\/wp-content\/uploads\/2024\/06\/APCEspana-Horizontal.jpg\" alt=apce-asociaci\u00f3n de promotores constructores de espa\u00f1a><\/a><\/div><\/div><div class=\"pro-logo-wrap-evento\" id=\"399\"><div class=\"pro-logo\"><a href=\"https:\/\/apcebcn.cat\/\" target=\"_blank\" rel=\"noopener\"><img decoding=\"async\" class=\"alignnone\" src=\"https:\/\/plannerexhibitions.com\/wp-content\/uploads\/2024\/06\/apce-cat.webp\" alt=apce-associaci\u00f3 de promotors de catalunya><\/a><\/div><\/div><div class=\"pro-logo-wrap-evento\" id=\"405\"><div class=\"pro-logo\"><a href=\"https:\/\/www.apirm.es\/\" target=\"_blank\" rel=\"noopener\"><img decoding=\"async\" class=\"alignnone\" src=\"https:\/\/plannerexhibitions.com\/wp-content\/uploads\/2024\/06\/apirm.webp\" alt=apirm-asociaci\u00f3n promotores inmobiliarios regi\u00f3n de murcia><\/a><\/div><\/div><div class=\"pro-logo-wrap-evento\" id=\"426\"><div class=\"pro-logo\"><a href=\"https:\/\/aprova.es\/\" target=\"_blank\" rel=\"noopener\"><img decoding=\"async\" class=\"alignnone\" src=\"https:\/\/plannerexhibitions.com\/wp-content\/uploads\/2024\/06\/Aprova.jpg\" alt=aprova-asociaci\u00f3n de empresas promotoras de valencia><\/a><\/div><\/div><div class=\"pro-logo-wrap-evento\" id=\"429\"><div class=\"pro-logo\"><a href=\"http:\/\/www.asprima.es\/\" target=\"_blank\" rel=\"noopener\"><img decoding=\"async\" class=\"alignnone\" src=\"https:\/\/plannerexhibitions.com\/wp-content\/uploads\/2024\/06\/Asprima-1.jpg\" alt=asprima-asociaci\u00f3n de promotores inmobiliarios de madrid><\/a><\/div><\/div><div class=\"pro-logo-wrap-evento\" id=\"9156\"><div class=\"pro-logo\"><a><img decoding=\"async\" class=\"alignnone\" src=\"https:\/\/plannerexhibitions.com\/wp-content\/uploads\/2026\/01\/atasa-logo-scaled.png\" alt=atasa><\/a><\/div><\/div><div class=\"pro-logo-wrap-evento\" id=\"435\"><div class=\"pro-logo\"><a href=\"http:\/\/www.faeccadiz.com\/\" target=\"_blank\" rel=\"noopener\"><img decoding=\"async\" class=\"alignnone\" src=\"https:\/\/plannerexhibitions.com\/wp-content\/uploads\/2024\/06\/FAEC.jpg\" alt=faec-federaci\u00f3n provincial agrupaciones empresarios construcci\u00f3n c\u00e1diz><\/a><\/div><\/div><div class=\"pro-logo-wrap-evento\" id=\"650\"><div class=\"pro-logo\"><a href=\"https:\/\/pro.fotocasa.es\/\" target=\"_blank\" rel=\"noopener\"><img decoding=\"async\" class=\"alignnone\" src=\"https:\/\/plannerexhibitions.com\/wp-content\/uploads\/2024\/06\/fotocasapro.jpg\" alt=fotocasa pro><\/a><\/div><\/div><div class=\"pro-logo-wrap-evento\" id=\"461\"><div class=\"pro-logo\"><a href=\"https:\/\/clubs.ie.edu\/ierealestate\/about\/\" target=\"_blank\" rel=\"noopener\"><img decoding=\"async\" class=\"alignnone\" src=\"https:\/\/plannerexhibitions.com\/wp-content\/uploads\/2024\/06\/ie-real-estate-club.jpg\" alt=ie real estate club><\/a><\/div><\/div><div class=\"pro-logo-wrap-evento\" id=\"476\"><div class=\"pro-logo\"><a href=\"http:\/\/www.provia.es\/\" target=\"_blank\" rel=\"noopener\"><img decoding=\"async\" class=\"alignnone\" src=\"https:\/\/plannerexhibitions.com\/wp-content\/uploads\/2024\/06\/Provia.jpg\" alt=provia-asociaci\u00f3n de promotores inmobiliarios de la provincia de alicante><\/a><\/div><\/div><div class=\"pro-logo-wrap-evento\" id=\"489\"><div class=\"pro-logo\"><a href=\"https:\/\/spain.uli.org\/\" target=\"_blank\" rel=\"noopener\"><img decoding=\"async\" class=\"alignnone\" src=\"https:\/\/plannerexhibitions.com\/wp-content\/uploads\/2024\/06\/ULI-Spain.webp\" alt=uli spain><\/a><\/div><\/div><div class=\"pro-logo-wrap-evento\" id=\"482\"><div class=\"pro-logo\"><a href=\"http:\/\/www.wires.es\/\" target=\"_blank\" rel=\"noopener\"><img decoding=\"async\" class=\"alignnone\" src=\"https:\/\/plannerexhibitions.com\/wp-content\/uploads\/2024\/06\/wires.png\" alt=wires-women in real estate><\/a><\/div><\/div><\/div><\/div><div class=\"pro-logos-main\"><p><strong>Media Partner<\/strong><\/p><div class=\"pro-logos-content\"><div class=\"pro-logo-wrap-evento\" id=\"4792\"><div class=\"pro-logo\"><a href=\"https:\/\/brainsre.news\/\" target=\"_blank\" rel=\"noopener\"><img decoding=\"async\" class=\"alignnone\" src=\"https:\/\/plannerexhibitions.com\/wp-content\/uploads\/2024\/11\/brainsrenews_logo.jpg\" alt=brains real estate news><\/a><\/div><\/div><div class=\"pro-logo-wrap-evento\" id=\"2550\"><div class=\"pro-logo\"><a href=\"http:\/\/elinmobiliariomesames.com\/\" target=\"_blank\" rel=\"noopener\"><img decoding=\"async\" class=\"alignnone\" src=\"https:\/\/plannerexhibitions.com\/wp-content\/uploads\/2024\/08\/el-inmobiliario-mes-a-mes.jpg\" alt=el inmobiliario mes a mes><\/a><\/div><\/div><div class=\"pro-logo-wrap-evento\" id=\"2144\"><div class=\"pro-logo\"><a href=\"https:\/\/xm2news.com\/\" target=\"_blank\" rel=\"noopener\"><img decoding=\"async\" class=\"alignnone\" src=\"https:\/\/plannerexhibitions.com\/wp-content\/uploads\/2024\/07\/xm2.jpg\" alt=xm2 \u2013 por metro cuadrado><\/a><\/div><\/div><\/div><\/div><\/p>\n<\/div><\/div>\n\n\n\n<p><\/p>\n<\/p>\n\n\n\n<p><br>If you wish to participate as a partner in the event, please contact:<br>Enrique Mart\u00edn: +34 639 115 085 \u2013 <a href=\"mailto:enrique.martin@gplanner.com\" target=\"_blank\" rel=\"noreferrer noopener\">enrique.martin@gplanner.com<\/a><br>Eva Oliva: +34 696 596 667 \u2013 <a href=\"mailto:eva.oliva@gplanner.com%C2%BB\" target=\"_blank\" rel=\"noreferrer noopener\">eva.oliva@gplanner.com<\/a><\/p>\n<\/div><\/div>\n\n\n\n<p><\/p>\n","protected":false},"excerpt":{"rendered":"<p>If you wish to participate as a partner in the event, please contact:Enrique Mart\u00edn: +34 639 115 085 \u2013 enrique.martin@gplanner.comEva Oliva: +34 696 596 667 \u2013 eva.oliva@gplanner.com<\/p>\n","protected":false},"author":1,"featured_media":6111,"parent":5429,"menu_order":0,"comment_status":"closed","ping_status":"closed","template":"","meta":{"pgc_sgb_lightbox_settings":"","footnotes":""},"class_list":["post-8804","page","type-page","status-publish","has-post-thumbnail","hentry"],"yoast_head":"<!-- This site is optimized with the Yoast SEO plugin v27.2 - https:\/\/yoast.com\/product\/yoast-seo-wordpress\/ -->\n<title>Partners Real Estate Financing Forum 2026 - Planner Exhibitions<\/title>\n<meta name=\"robots\" content=\"index, follow, max-snippet:-1, max-image-preview:large, max-video-preview:-1\" \/>\n<link rel=\"canonical\" href=\"https:\/\/plannerexhibitions.com\/en\/financing\/partners-2026\/\" \/>\n<meta property=\"og:locale\" content=\"en_US\" \/>\n<meta property=\"og:type\" content=\"article\" \/>\n<meta property=\"og:title\" content=\"Partners Real Estate Financing Forum 2026 - Planner Exhibitions\" \/>\n<meta property=\"og:description\" content=\"If you wish to participate as a partner in the event, please contact:Enrique Mart\u00edn: +34 639 115 085 \u2013 enrique.martin@gplanner.comEva Oliva: +34 696 596 667 \u2013 eva.oliva@gplanner.com\" \/>\n<meta property=\"og:url\" content=\"https:\/\/plannerexhibitions.com\/en\/financing\/partners-2026\/\" \/>\n<meta property=\"og:site_name\" content=\"Planner Exhibitions\" \/>\n<meta property=\"og:image\" content=\"https:\/\/plannerexhibitions.com\/wp-content\/uploads\/2025\/02\/REF2025_NGN_1402.jpg\" \/>\n\t<meta property=\"og:image:width\" content=\"1600\" \/>\n\t<meta property=\"og:image:height\" content=\"1067\" \/>\n\t<meta property=\"og:image:type\" content=\"image\/jpeg\" \/>\n<meta name=\"twitter:card\" content=\"summary_large_image\" \/>\n<script type=\"application\/ld+json\" class=\"yoast-schema-graph\">{\"@context\":\"https:\/\/schema.org\",\"@graph\":[{\"@type\":\"WebPage\",\"@id\":\"https:\/\/plannerexhibitions.com\/en\/financing\/partners-2026\/\",\"url\":\"https:\/\/plannerexhibitions.com\/en\/financing\/partners-2026\/\",\"name\":\"Partners Real Estate Financing Forum 2026 - Planner Exhibitions\",\"isPartOf\":{\"@id\":\"https:\/\/plannerexhibitions.com\/en\/#website\"},\"primaryImageOfPage\":{\"@id\":\"https:\/\/plannerexhibitions.com\/en\/financing\/partners-2026\/#primaryimage\"},\"image\":{\"@id\":\"https:\/\/plannerexhibitions.com\/en\/financing\/partners-2026\/#primaryimage\"},\"thumbnailUrl\":\"https:\/\/plannerexhibitions.com\/wp-content\/uploads\/2025\/02\/REF2025_NGN_1402.jpg\",\"datePublished\":\"2025-11-06T09:16:06+00:00\",\"breadcrumb\":{\"@id\":\"https:\/\/plannerexhibitions.com\/en\/financing\/partners-2026\/#breadcrumb\"},\"inLanguage\":\"en-US\",\"potentialAction\":[{\"@type\":\"ReadAction\",\"target\":[\"https:\/\/plannerexhibitions.com\/en\/financing\/partners-2026\/\"]}]},{\"@type\":\"ImageObject\",\"inLanguage\":\"en-US\",\"@id\":\"https:\/\/plannerexhibitions.com\/en\/financing\/partners-2026\/#primaryimage\",\"url\":\"https:\/\/plannerexhibitions.com\/wp-content\/uploads\/2025\/02\/REF2025_NGN_1402.jpg\",\"contentUrl\":\"https:\/\/plannerexhibitions.com\/wp-content\/uploads\/2025\/02\/REF2025_NGN_1402.jpg\",\"width\":1600,\"height\":1067},{\"@type\":\"BreadcrumbList\",\"@id\":\"https:\/\/plannerexhibitions.com\/en\/financing\/partners-2026\/#breadcrumb\",\"itemListElement\":[{\"@type\":\"ListItem\",\"position\":1,\"name\":\"Portada\",\"item\":\"https:\/\/plannerexhibitions.com\/en\/\"},{\"@type\":\"ListItem\",\"position\":2,\"name\":\"Real Estate Financing Forum\",\"item\":\"https:\/\/plannerexhibitions.com\/en\/financing\/\"},{\"@type\":\"ListItem\",\"position\":3,\"name\":\"Partners Real Estate Financing Forum 2026\"}]},{\"@type\":\"WebSite\",\"@id\":\"https:\/\/plannerexhibitions.com\/en\/#website\",\"url\":\"https:\/\/plannerexhibitions.com\/en\/\",\"name\":\"Planner Exhibitions\",\"description\":\"\",\"publisher\":{\"@id\":\"https:\/\/plannerexhibitions.com\/en\/#organization\"},\"potentialAction\":[{\"@type\":\"SearchAction\",\"target\":{\"@type\":\"EntryPoint\",\"urlTemplate\":\"https:\/\/plannerexhibitions.com\/en\/?s={search_term_string}\"},\"query-input\":{\"@type\":\"PropertyValueSpecification\",\"valueRequired\":true,\"valueName\":\"search_term_string\"}}],\"inLanguage\":\"en-US\"},{\"@type\":\"Organization\",\"@id\":\"https:\/\/plannerexhibitions.com\/en\/#organization\",\"name\":\"Planner Exhibitions\",\"url\":\"https:\/\/plannerexhibitions.com\/en\/\",\"logo\":{\"@type\":\"ImageObject\",\"inLanguage\":\"en-US\",\"@id\":\"https:\/\/plannerexhibitions.com\/en\/#\/schema\/logo\/image\/\",\"url\":\"https:\/\/plannerexhibitions.com\/wp-content\/uploads\/2024\/06\/Planner_2L.svg\",\"contentUrl\":\"https:\/\/plannerexhibitions.com\/wp-content\/uploads\/2024\/06\/Planner_2L.svg\",\"width\":1,\"height\":1,\"caption\":\"Planner Exhibitions\"},\"image\":{\"@id\":\"https:\/\/plannerexhibitions.com\/en\/#\/schema\/logo\/image\/\"}}]}<\/script>\n<!-- \/ Yoast SEO plugin. -->","yoast_head_json":{"title":"Partners Real Estate Financing Forum 2026 - Planner Exhibitions","robots":{"index":"index","follow":"follow","max-snippet":"max-snippet:-1","max-image-preview":"max-image-preview:large","max-video-preview":"max-video-preview:-1"},"canonical":"https:\/\/plannerexhibitions.com\/en\/financing\/partners-2026\/","og_locale":"en_US","og_type":"article","og_title":"Partners Real Estate Financing Forum 2026 - Planner Exhibitions","og_description":"If you wish to participate as a partner in the event, please contact:Enrique Mart\u00edn: +34 639 115 085 \u2013 enrique.martin@gplanner.comEva Oliva: +34 696 596 667 \u2013 eva.oliva@gplanner.com","og_url":"https:\/\/plannerexhibitions.com\/en\/financing\/partners-2026\/","og_site_name":"Planner Exhibitions","og_image":[{"width":1600,"height":1067,"url":"https:\/\/plannerexhibitions.com\/wp-content\/uploads\/2025\/02\/REF2025_NGN_1402.jpg","type":"image\/jpeg"}],"twitter_card":"summary_large_image","schema":{"@context":"https:\/\/schema.org","@graph":[{"@type":"WebPage","@id":"https:\/\/plannerexhibitions.com\/en\/financing\/partners-2026\/","url":"https:\/\/plannerexhibitions.com\/en\/financing\/partners-2026\/","name":"Partners Real Estate Financing Forum 2026 - Planner Exhibitions","isPartOf":{"@id":"https:\/\/plannerexhibitions.com\/en\/#website"},"primaryImageOfPage":{"@id":"https:\/\/plannerexhibitions.com\/en\/financing\/partners-2026\/#primaryimage"},"image":{"@id":"https:\/\/plannerexhibitions.com\/en\/financing\/partners-2026\/#primaryimage"},"thumbnailUrl":"https:\/\/plannerexhibitions.com\/wp-content\/uploads\/2025\/02\/REF2025_NGN_1402.jpg","datePublished":"2025-11-06T09:16:06+00:00","breadcrumb":{"@id":"https:\/\/plannerexhibitions.com\/en\/financing\/partners-2026\/#breadcrumb"},"inLanguage":"en-US","potentialAction":[{"@type":"ReadAction","target":["https:\/\/plannerexhibitions.com\/en\/financing\/partners-2026\/"]}]},{"@type":"ImageObject","inLanguage":"en-US","@id":"https:\/\/plannerexhibitions.com\/en\/financing\/partners-2026\/#primaryimage","url":"https:\/\/plannerexhibitions.com\/wp-content\/uploads\/2025\/02\/REF2025_NGN_1402.jpg","contentUrl":"https:\/\/plannerexhibitions.com\/wp-content\/uploads\/2025\/02\/REF2025_NGN_1402.jpg","width":1600,"height":1067},{"@type":"BreadcrumbList","@id":"https:\/\/plannerexhibitions.com\/en\/financing\/partners-2026\/#breadcrumb","itemListElement":[{"@type":"ListItem","position":1,"name":"Portada","item":"https:\/\/plannerexhibitions.com\/en\/"},{"@type":"ListItem","position":2,"name":"Real Estate Financing Forum","item":"https:\/\/plannerexhibitions.com\/en\/financing\/"},{"@type":"ListItem","position":3,"name":"Partners Real Estate Financing Forum 2026"}]},{"@type":"WebSite","@id":"https:\/\/plannerexhibitions.com\/en\/#website","url":"https:\/\/plannerexhibitions.com\/en\/","name":"Planner Exhibitions","description":"","publisher":{"@id":"https:\/\/plannerexhibitions.com\/en\/#organization"},"potentialAction":[{"@type":"SearchAction","target":{"@type":"EntryPoint","urlTemplate":"https:\/\/plannerexhibitions.com\/en\/?s={search_term_string}"},"query-input":{"@type":"PropertyValueSpecification","valueRequired":true,"valueName":"search_term_string"}}],"inLanguage":"en-US"},{"@type":"Organization","@id":"https:\/\/plannerexhibitions.com\/en\/#organization","name":"Planner Exhibitions","url":"https:\/\/plannerexhibitions.com\/en\/","logo":{"@type":"ImageObject","inLanguage":"en-US","@id":"https:\/\/plannerexhibitions.com\/en\/#\/schema\/logo\/image\/","url":"https:\/\/plannerexhibitions.com\/wp-content\/uploads\/2024\/06\/Planner_2L.svg","contentUrl":"https:\/\/plannerexhibitions.com\/wp-content\/uploads\/2024\/06\/Planner_2L.svg","width":1,"height":1,"caption":"Planner Exhibitions"},"image":{"@id":"https:\/\/plannerexhibitions.com\/en\/#\/schema\/logo\/image\/"}}]}},"_links":{"self":[{"href":"https:\/\/plannerexhibitions.com\/en\/wp-json\/wp\/v2\/pages\/8804","targetHints":{"allow":["GET"]}}],"collection":[{"href":"https:\/\/plannerexhibitions.com\/en\/wp-json\/wp\/v2\/pages"}],"about":[{"href":"https:\/\/plannerexhibitions.com\/en\/wp-json\/wp\/v2\/types\/page"}],"author":[{"embeddable":true,"href":"https:\/\/plannerexhibitions.com\/en\/wp-json\/wp\/v2\/users\/1"}],"replies":[{"embeddable":true,"href":"https:\/\/plannerexhibitions.com\/en\/wp-json\/wp\/v2\/comments?post=8804"}],"version-history":[{"count":0,"href":"https:\/\/plannerexhibitions.com\/en\/wp-json\/wp\/v2\/pages\/8804\/revisions"}],"up":[{"embeddable":true,"href":"https:\/\/plannerexhibitions.com\/en\/wp-json\/wp\/v2\/pages\/5429"}],"wp:featuredmedia":[{"embeddable":true,"href":"https:\/\/plannerexhibitions.com\/en\/wp-json\/wp\/v2\/media\/6111"}],"wp:attachment":[{"href":"https:\/\/plannerexhibitions.com\/en\/wp-json\/wp\/v2\/media?parent=8804"}],"curies":[{"name":"wp","href":"https:\/\/api.w.org\/{rel}","templated":true}]}}