{"id":6543,"date":"2025-03-27T16:53:38","date_gmt":"2025-03-27T15:53:38","guid":{"rendered":"https:\/\/plannerexhibitions.com\/?page_id=6543"},"modified":"2025-06-05T17:51:56","modified_gmt":"2025-06-05T15:51:56","slug":"partners-2025","status":"publish","type":"page","link":"https:\/\/plannerexhibitions.com\/en\/hospitality\/partners-2025\/","title":{"rendered":"Hospitality Real Estate Forum 2025 Partners"},"content":{"rendered":"\n<div class=\"wp-block-group center-logos\"><div class=\"wp-block-group__inner-container is-layout-constrained wp-block-group-is-layout-constrained\"><p>\n<div class=\"wp-block-group g-listado-logos featured\"><div class=\"wp-block-group__inner-container is-layout-constrained wp-block-group-is-layout-constrained\"><p><div class=\"pro-logos-main\"><p><strong>Leading Partner<\/strong><\/p><div class=\"pro-logos-content\"><div class=\"pro-logo-wrap-evento\" id=\"586\"><div class=\"pro-logo\"><a href=\"http:\/\/www.porcelanosa.com\/\" target=\"_blank\" rel=\"noopener\"><img decoding=\"async\" class=\"alignnone\" src=\"https:\/\/plannerexhibitions.com\/wp-content\/uploads\/2024\/06\/porcelanosa.webp\" alt=\"porcelanosa grupo\"><\/a><\/div><\/div><\/div><\/div><div class=\"pro-logos-main\"><p><strong>Bronze Partner<\/strong><\/p><div class=\"pro-logos-content\"><div class=\"pro-logo-wrap-evento\" id=\"7553\"><div class=\"pro-logo\"><a href=\"https:\/\/www.panoramhotels.com\/\" target=\"_blank\" rel=\"noopener\"><img decoding=\"async\" class=\"alignnone\" src=\"https:\/\/plannerexhibitions.com\/wp-content\/uploads\/2025\/09\/Logo-Panoram.webp\" alt=\"panoram hotels\"><\/a><\/div><\/div><div class=\"pro-logo-wrap-evento\" id=\"594\"><div class=\"pro-logo\"><a href=\"https:\/\/www.st-tasacion.es\/es\/inicio.html\" target=\"_blank\" rel=\"noopener\"><img decoding=\"async\" class=\"alignnone\" src=\"https:\/\/plannerexhibitions.com\/wp-content\/uploads\/2024\/06\/st-sociedad-de-tasacion.jpg\" alt=\"st sociedad de tasaci\u00f3n\"><\/a><\/div><\/div><div class=\"pro-logo-wrap-evento\" id=\"6549\"><div class=\"pro-logo\"><a href=\"https:\/\/www.tinsa.es\" target=\"_blank\" rel=\"noopener\"><img decoding=\"async\" class=\"alignnone\" src=\"https:\/\/plannerexhibitions.com\/wp-content\/uploads\/2025\/04\/tinsa_byaccumin_vertical.jpg\" alt=\"tinsa\"><\/a><\/div><\/div><\/div><\/div><div class=\"pro-logos-main\"><p><strong>Supporting Partner<\/strong><\/p><div class=\"pro-logos-content\"><div class=\"pro-logo-wrap-evento\" id=\"5921\"><div class=\"pro-logo\"><a href=\"https:\/\/www.adaptasocios.com\/\" target=\"_blank\" rel=\"noopener\"><img decoding=\"async\" class=\"alignnone\" src=\"https:\/\/plannerexhibitions.com\/wp-content\/uploads\/2025\/02\/Logo-Adapta-Socios-Color.jpg\" alt=\"adapta socios\"><\/a><\/div><\/div><div class=\"pro-logo-wrap-evento\" id=\"7542\"><div class=\"pro-logo\"><a href=\"https:\/\/www.eversheds-sutherland.com\/en\/spain\" target=\"_blank\" rel=\"noopener\"><img decoding=\"async\" class=\"alignnone\" src=\"https:\/\/plannerexhibitions.com\/wp-content\/uploads\/2025\/09\/Eversheds-sutherland-LOGO.png\" alt=\"eversheds sutherland\"><\/a><\/div><\/div><div class=\"pro-logo-wrap-evento\" id=\"7687\"><div class=\"pro-logo\"><a href=\"https:\/\/www.ikea.com\/es\/es\/\" target=\"_blank\" rel=\"noopener\"><img decoding=\"async\" class=\"alignnone\" src=\"https:\/\/plannerexhibitions.com\/wp-content\/uploads\/2025\/10\/IKEA-IBERICA-scaled.png\" alt=\"ikea ib\u00c9rica\"><\/a><\/div><\/div><div class=\"pro-logo-wrap-evento\" id=\"5467\"><div class=\"pro-logo\"><a href=\"https:\/\/www.lobostudio.es\/\" target=\"_blank\" rel=\"noopener\"><img decoding=\"async\" class=\"alignnone\" src=\"https:\/\/plannerexhibitions.com\/wp-content\/uploads\/2024\/12\/logo-Lobo-Studio.jpg\" alt=\"lobo studio\"><\/a><\/div><\/div><div class=\"pro-logo-wrap-evento\" id=\"3530\"><div class=\"pro-logo\"><a href=\"https:\/\/mvgm.com\/es\/\" target=\"_blank\" rel=\"noopener\"><img decoding=\"async\" class=\"alignnone\" src=\"https:\/\/plannerexhibitions.com\/wp-content\/uploads\/2024\/10\/MVGM.jpg\" alt=\"mvgm\"><\/a><\/div><\/div><div class=\"pro-logo-wrap-evento\" id=\"7590\"><div class=\"pro-logo\"><a href=\"https:\/\/thehotelfactory.com\/\" target=\"_blank\" rel=\"noopener\"><img decoding=\"async\" class=\"alignnone\" src=\"https:\/\/plannerexhibitions.com\/wp-content\/uploads\/2025\/09\/Logo_principal_THF-1.png\" alt=\"the hotel factory\"><\/a><\/div><\/div><\/div><\/div><div class=\"pro-logos-main\"><p><strong>NGO Partner<\/strong><\/p><div class=\"pro-logos-content\"><div class=\"pro-logo-wrap-evento\" id=\"1544\"><div class=\"pro-logo\"><a href=\"https:\/\/fundacionprodis.org\/\" target=\"_blank\" rel=\"noopener\"><img decoding=\"async\" class=\"alignnone\" src=\"https:\/\/plannerexhibitions.com\/wp-content\/uploads\/2024\/06\/PRODIS.jpg\" alt=\"fundaci\u00f3n prodis\"><\/a><\/div><\/div><\/div><\/div><\/p>\n<\/div><\/div>\n\n\n\n<p><\/p>\n\n<div class=\"wp-block-group g-listado-logos featured\"><div class=\"wp-block-group__inner-container is-layout-constrained wp-block-group-is-layout-constrained\"><p><div class=\"pro-logos-main\"><p><strong>Industry Partner<\/strong><\/p><div class=\"pro-logos-content\"><div class=\"pro-logo-wrap-evento\" id=\"237\"><div class=\"pro-logo\"><a href=\"https:\/\/acpmalaga.com\/\" target=\"_blank\" rel=\"noopener\"><img decoding=\"async\" class=\"alignnone\" src=\"https:\/\/plannerexhibitions.com\/wp-content\/uploads\/2024\/06\/ACP-Malaga-1.jpg\" alt=\"acp m\u00e1laga-asoc. provincial constructores y promotores m\u00e1laga\"><\/a><\/div><\/div><div class=\"pro-logo-wrap-evento\" id=\"2574\"><div class=\"pro-logo\"><a href=\"https:\/\/www.aedh.es\/\" target=\"_blank\" rel=\"noopener\"><img decoding=\"async\" class=\"alignnone\" src=\"https:\/\/plannerexhibitions.com\/wp-content\/uploads\/2024\/09\/AEDH.jpg\" alt=\"aedh &#8211; asociaci\u00f3n espa\u00f1ola de directores de hotel\"><\/a><\/div><\/div><div class=\"pro-logo-wrap-evento\" id=\"7639\"><div class=\"pro-logo\"><a href=\"https:\/\/aehm.es\/\" target=\"_blank\" rel=\"noopener\"><img decoding=\"async\" class=\"alignnone\" src=\"https:\/\/plannerexhibitions.com\/wp-content\/uploads\/2025\/09\/Logo_AEHM_Vert.png\" alt=\"aehm\"><\/a><\/div><\/div><div class=\"pro-logo-wrap-evento\" id=\"402\"><div class=\"pro-logo\"><a href=\"http:\/\/www.apce.es\/\" target=\"_blank\" rel=\"noopener\"><img decoding=\"async\" class=\"alignnone\" src=\"https:\/\/plannerexhibitions.com\/wp-content\/uploads\/2024\/06\/APCEspana-Horizontal.jpg\" alt=\"apce-asociaci\u00f3n de promotores constructores de espa\u00f1a\"><\/a><\/div><\/div><div class=\"pro-logo-wrap-evento\" id=\"399\"><div class=\"pro-logo\"><a href=\"https:\/\/apcebcn.cat\/\" target=\"_blank\" rel=\"noopener\"><img decoding=\"async\" class=\"alignnone\" src=\"https:\/\/plannerexhibitions.com\/wp-content\/uploads\/2024\/06\/apce-cat.webp\" alt=\"apce-associaci\u00f3 de promotors de catalunya\"><\/a><\/div><\/div><div class=\"pro-logo-wrap-evento\" id=\"455\"><div class=\"pro-logo\"><a href=\"https:\/\/www.api.cat\/\" target=\"_blank\" rel=\"noopener\"><img decoding=\"async\" class=\"alignnone\" src=\"https:\/\/plannerexhibitions.com\/wp-content\/uploads\/2024\/06\/api-cataluna.webp\" alt=\"api\"><\/a><\/div><\/div><div class=\"pro-logo-wrap-evento\" id=\"405\"><div class=\"pro-logo\"><a href=\"https:\/\/www.apirm.es\/\" target=\"_blank\" rel=\"noopener\"><img decoding=\"async\" class=\"alignnone\" src=\"https:\/\/plannerexhibitions.com\/wp-content\/uploads\/2024\/06\/apirm.webp\" alt=\"apirm-asociaci\u00f3n promotores inmobiliarios regi\u00f3n de murcia\"><\/a><\/div><\/div><div class=\"pro-logo-wrap-evento\" id=\"7423\"><div class=\"pro-logo\"><a href=\"https:\/\/appii.pt\/\" target=\"_blank\" rel=\"noopener\"><img decoding=\"async\" class=\"alignnone\" src=\"https:\/\/plannerexhibitions.com\/wp-content\/uploads\/2025\/09\/appii.jpg\" alt=\"appii\"><\/a><\/div><\/div><div class=\"pro-logo-wrap-evento\" id=\"426\"><div class=\"pro-logo\"><a href=\"https:\/\/aprova.es\/\" target=\"_blank\" rel=\"noopener\"><img decoding=\"async\" class=\"alignnone\" src=\"https:\/\/plannerexhibitions.com\/wp-content\/uploads\/2024\/06\/Aprova.jpg\" alt=\"aprova-asociaci\u00f3n de empresas promotoras de valencia\"><\/a><\/div><\/div><div class=\"pro-logo-wrap-evento\" id=\"429\"><div class=\"pro-logo\"><a href=\"http:\/\/www.asprima.es\/\" target=\"_blank\" rel=\"noopener\"><img decoding=\"async\" class=\"alignnone\" src=\"https:\/\/plannerexhibitions.com\/wp-content\/uploads\/2024\/06\/Asprima-1.jpg\" alt=\"asprima-asociaci\u00f3n de promotores inmobiliarios de madrid\"><\/a><\/div><\/div><div class=\"pro-logo-wrap-evento\" id=\"432\"><div class=\"pro-logo\"><a href=\"https:\/\/www.asval.com\/\" target=\"_blank\" rel=\"noopener\"><img decoding=\"async\" class=\"alignnone\" src=\"https:\/\/plannerexhibitions.com\/wp-content\/uploads\/2024\/06\/asval.jpg\" alt=\"asval-asociaci\u00f3n de propietarios de viviendas en alquiler\"><\/a><\/div><\/div><div class=\"pro-logo-wrap-evento\" id=\"7609\"><div class=\"pro-logo\"><a href=\"https:\/\/cehat.com\/\" target=\"_blank\" rel=\"noopener\"><img decoding=\"async\" class=\"alignnone\" src=\"https:\/\/plannerexhibitions.com\/wp-content\/uploads\/2025\/09\/LOGO_CEHAT_ALTA_RESOLUCION-1100x287-1.png\" alt=\"cehat\"><\/a><\/div><\/div><div class=\"pro-logo-wrap-evento\" id=\"2974\"><div class=\"pro-logo\"><a href=\"https:\/\/evs.clubhospitality.es\/\" target=\"_blank\" rel=\"noopener\"><img decoding=\"async\" class=\"alignnone\" src=\"https:\/\/plannerexhibitions.com\/wp-content\/uploads\/2024\/09\/55903c93-f5c5-4108-817d-43c7a029386f.jpg\" alt=\"club evs hospitality\"><\/a><\/div><\/div><div class=\"pro-logo-wrap-evento\" id=\"458\"><div class=\"pro-logo\"><a href=\"http:\/\/www.coword.org\/\" target=\"_blank\" rel=\"noopener\"><img decoding=\"async\" class=\"alignnone\" src=\"https:\/\/plannerexhibitions.com\/wp-content\/uploads\/2024\/06\/coword.webp\" alt=\"coword\"><\/a><\/div><\/div><div class=\"pro-logo-wrap-evento\" id=\"435\"><div class=\"pro-logo\"><a href=\"http:\/\/www.faeccadiz.com\/\" target=\"_blank\" rel=\"noopener\"><img decoding=\"async\" class=\"alignnone\" src=\"https:\/\/plannerexhibitions.com\/wp-content\/uploads\/2024\/06\/FAEC.jpg\" alt=\"faec-federaci\u00f3n provincial agrupaciones empresarios construcci\u00f3n c\u00e1diz\"><\/a><\/div><\/div><div class=\"pro-logo-wrap-evento\" id=\"650\"><div class=\"pro-logo\"><a href=\"https:\/\/pro.fotocasa.es\/\" target=\"_blank\" rel=\"noopener\"><img decoding=\"async\" class=\"alignnone\" src=\"https:\/\/plannerexhibitions.com\/wp-content\/uploads\/2024\/06\/fotocasapro.jpg\" alt=\"fotocasa pro\"><\/a><\/div><\/div><div class=\"pro-logo-wrap-evento\" id=\"461\"><div class=\"pro-logo\"><a href=\"https:\/\/clubs.ie.edu\/ierealestate\/about\/\" target=\"_blank\" rel=\"noopener\"><img decoding=\"async\" class=\"alignnone\" src=\"https:\/\/plannerexhibitions.com\/wp-content\/uploads\/2024\/06\/ie-real-estate-club.jpg\" alt=\"ie real estate club\"><\/a><\/div><\/div><div class=\"pro-logo-wrap-evento\" id=\"464\"><div class=\"pro-logo\"><a href=\"https:\/\/www.iese.edu\/es\/\" target=\"_blank\" rel=\"noopener\"><img decoding=\"async\" class=\"alignnone\" src=\"https:\/\/plannerexhibitions.com\/wp-content\/uploads\/2024\/06\/IESE-Club-1.png\" alt=\"iese alumni real estate club\"><\/a><\/div><\/div><div class=\"pro-logo-wrap-evento\" id=\"3797\"><div class=\"pro-logo\"><a href=\"https:\/\/www.ithotelero.com\/\" target=\"_blank\" rel=\"noopener\"><img decoding=\"async\" class=\"alignnone\" src=\"https:\/\/plannerexhibitions.com\/wp-content\/uploads\/2024\/10\/logo_ITH-1.png\" alt=\"ith \u2013 instituto tecnol\u00f3gico hotelero\"><\/a><\/div><\/div><div class=\"pro-logo-wrap-evento\" id=\"2301\"><div class=\"pro-logo\"><a href=\"https:\/\/mujeresenhospitality.com\/\" target=\"_blank\" rel=\"noopener\"><img decoding=\"async\" class=\"alignnone\" src=\"https:\/\/plannerexhibitions.com\/wp-content\/uploads\/2024\/07\/MujeresHospitality.jpg\" alt=\"mujeres en hospitality\"><\/a><\/div><\/div><div class=\"pro-logo-wrap-evento\" id=\"476\"><div class=\"pro-logo\"><a href=\"http:\/\/www.provia.es\/\" target=\"_blank\" rel=\"noopener\"><img decoding=\"async\" class=\"alignnone\" src=\"https:\/\/plannerexhibitions.com\/wp-content\/uploads\/2024\/06\/Provia.jpg\" alt=\"provia-asociaci\u00f3n de promotores inmobiliarios de la provincia de alicante\"><\/a><\/div><\/div><div class=\"pro-logo-wrap-evento\" id=\"482\"><div class=\"pro-logo\"><a href=\"http:\/\/www.wires.es\/\" target=\"_blank\" rel=\"noopener\"><img decoding=\"async\" class=\"alignnone\" src=\"https:\/\/plannerexhibitions.com\/wp-content\/uploads\/2024\/06\/wires.png\" alt=\"wires-women in real estate\"><\/a><\/div><\/div><\/div><\/div><div class=\"pro-logos-main\"><p><strong>Media Partner<\/strong><\/p><div class=\"pro-logos-content\"><div class=\"pro-logo-wrap-evento\" id=\"4792\"><div class=\"pro-logo\"><a href=\"https:\/\/brainsre.news\/\" target=\"_blank\" rel=\"noopener\"><img decoding=\"async\" class=\"alignnone\" src=\"https:\/\/plannerexhibitions.com\/wp-content\/uploads\/2024\/11\/brainsrenews_logo.jpg\" alt=\"brains real estate news\"><\/a><\/div><\/div><div class=\"pro-logo-wrap-evento\" id=\"2550\"><div class=\"pro-logo\"><a href=\"http:\/\/elinmobiliariomesames.com\/\" target=\"_blank\" rel=\"noopener\"><img decoding=\"async\" class=\"alignnone\" src=\"https:\/\/plannerexhibitions.com\/wp-content\/uploads\/2024\/08\/el-inmobiliario-mes-a-mes.jpg\" alt=\"el inmobiliario mes a mes\"><\/a><\/div><\/div><div class=\"pro-logo-wrap-evento\" id=\"7407\"><div class=\"pro-logo\"><a href=\"https:\/\/www.revistagranhotel.com\/\" target=\"_blank\" rel=\"noopener\"><img decoding=\"async\" class=\"alignnone\" src=\"https:\/\/plannerexhibitions.com\/wp-content\/uploads\/2025\/09\/GH-TURISMO.jpg\" alt=\"gran hotel turismo\"><\/a><\/div><\/div><div class=\"pro-logo-wrap-evento\" id=\"3080\"><div class=\"pro-logo\"><a href=\"https:\/\/www.hosteltur.com\/\" target=\"_blank\" rel=\"noopener\"><img decoding=\"async\" class=\"alignnone\" src=\"https:\/\/plannerexhibitions.com\/wp-content\/uploads\/2024\/09\/HOSTELTUR-LOGO-scaled.jpg\" alt=\"hosteltur\"><\/a><\/div><\/div><div class=\"pro-logo-wrap-evento\" id=\"2144\"><div class=\"pro-logo\"><a href=\"https:\/\/xm2news.com\/\" target=\"_blank\" rel=\"noopener\"><img decoding=\"async\" class=\"alignnone\" src=\"https:\/\/plannerexhibitions.com\/wp-content\/uploads\/2024\/07\/xm2.jpg\" alt=\"xm2 \u2013 por metro cuadrado\"><\/a><\/div><\/div><\/div><\/div><\/p>\n<\/div><\/div>\n\n\n\n<p><\/p>\n<\/p>\n\n\n\n<p><br>If you wish to participate as a partner in the event, please contact:<br>Eva Oliva: +34 696 596 667 \u2013 <a href=\"mailto:eva.oliva@gplanner.com%C2%BB\" target=\"_blank\" rel=\"noreferrer noopener\">eva.oliva@gplanner.com<\/a><br>Enrique Mart\u00edn: +34 639 115 085 \u2013 <a href=\"mailto:enrique.martin@gplanner.com\" target=\"_blank\" rel=\"noreferrer noopener\">enrique.martin@gplanner.com<\/a><\/p>\n<\/div><\/div>\n","protected":false},"excerpt":{"rendered":"<p>If you wish to participate as a partner in the event, please contact:Eva Oliva: +34 696 596 667 \u2013 eva.oliva@gplanner.comEnrique Mart\u00edn: +34 639 115 085 \u2013 enrique.martin@gplanner.com<\/p>\n","protected":false},"author":1,"featured_media":3991,"parent":2620,"menu_order":0,"comment_status":"closed","ping_status":"closed","template":"","meta":{"pgc_sgb_lightbox_settings":"","footnotes":""},"class_list":["post-6543","page","type-page","status-publish","has-post-thumbnail","hentry"],"yoast_head":"<!-- This site is optimized with the Yoast SEO plugin v27.4 - https:\/\/yoast.com\/product\/yoast-seo-wordpress\/ -->\n<title>Hospitality Real Estate Forum 2025 Partners - Planner Exhibitions<\/title>\n<meta name=\"robots\" content=\"index, follow, max-snippet:-1, max-image-preview:large, max-video-preview:-1\" \/>\n<link rel=\"canonical\" href=\"https:\/\/plannerexhibitions.com\/en\/hospitality\/partners-2025\/\" \/>\n<meta property=\"og:locale\" content=\"en_US\" \/>\n<meta property=\"og:type\" content=\"article\" \/>\n<meta property=\"og:title\" content=\"Hospitality Real Estate Forum 2025 Partners - Planner Exhibitions\" \/>\n<meta property=\"og:description\" content=\"If you wish to participate as a partner in the event, please contact:Eva Oliva: +34 696 596 667 \u2013 eva.oliva@gplanner.comEnrique Mart\u00edn: +34 639 115 085 \u2013 enrique.martin@gplanner.com\" \/>\n<meta property=\"og:url\" content=\"https:\/\/plannerexhibitions.com\/en\/hospitality\/partners-2025\/\" \/>\n<meta property=\"og:site_name\" content=\"Planner Exhibitions\" \/>\n<meta property=\"article:modified_time\" content=\"2025-06-05T15:51:56+00:00\" \/>\n<meta property=\"og:image\" content=\"https:\/\/plannerexhibitions.com\/wp-content\/uploads\/2024\/10\/href-2805.jpg\" \/>\n\t<meta property=\"og:image:width\" content=\"1600\" \/>\n\t<meta property=\"og:image:height\" content=\"1067\" \/>\n\t<meta property=\"og:image:type\" content=\"image\/jpeg\" \/>\n<meta name=\"twitter:card\" content=\"summary_large_image\" \/>\n<meta name=\"twitter:label1\" content=\"Est. reading time\" \/>\n\t<meta name=\"twitter:data1\" content=\"1 minute\" \/>\n<script type=\"application\/ld+json\" class=\"yoast-schema-graph\">{\"@context\":\"https:\\\/\\\/schema.org\",\"@graph\":[{\"@type\":\"WebPage\",\"@id\":\"https:\\\/\\\/plannerexhibitions.com\\\/en\\\/hospitality\\\/partners-2025\\\/\",\"url\":\"https:\\\/\\\/plannerexhibitions.com\\\/en\\\/hospitality\\\/partners-2025\\\/\",\"name\":\"Hospitality Real Estate Forum 2025 Partners - Planner Exhibitions\",\"isPartOf\":{\"@id\":\"https:\\\/\\\/plannerexhibitions.com\\\/en\\\/#website\"},\"primaryImageOfPage\":{\"@id\":\"https:\\\/\\\/plannerexhibitions.com\\\/en\\\/hospitality\\\/partners-2025\\\/#primaryimage\"},\"image\":{\"@id\":\"https:\\\/\\\/plannerexhibitions.com\\\/en\\\/hospitality\\\/partners-2025\\\/#primaryimage\"},\"thumbnailUrl\":\"https:\\\/\\\/plannerexhibitions.com\\\/wp-content\\\/uploads\\\/2024\\\/10\\\/href-2805.jpg\",\"datePublished\":\"2025-03-27T15:53:38+00:00\",\"dateModified\":\"2025-06-05T15:51:56+00:00\",\"breadcrumb\":{\"@id\":\"https:\\\/\\\/plannerexhibitions.com\\\/en\\\/hospitality\\\/partners-2025\\\/#breadcrumb\"},\"inLanguage\":\"en-US\",\"potentialAction\":[{\"@type\":\"ReadAction\",\"target\":[\"https:\\\/\\\/plannerexhibitions.com\\\/en\\\/hospitality\\\/partners-2025\\\/\"]}]},{\"@type\":\"ImageObject\",\"inLanguage\":\"en-US\",\"@id\":\"https:\\\/\\\/plannerexhibitions.com\\\/en\\\/hospitality\\\/partners-2025\\\/#primaryimage\",\"url\":\"https:\\\/\\\/plannerexhibitions.com\\\/wp-content\\\/uploads\\\/2024\\\/10\\\/href-2805.jpg\",\"contentUrl\":\"https:\\\/\\\/plannerexhibitions.com\\\/wp-content\\\/uploads\\\/2024\\\/10\\\/href-2805.jpg\",\"width\":1600,\"height\":1067},{\"@type\":\"BreadcrumbList\",\"@id\":\"https:\\\/\\\/plannerexhibitions.com\\\/en\\\/hospitality\\\/partners-2025\\\/#breadcrumb\",\"itemListElement\":[{\"@type\":\"ListItem\",\"position\":1,\"name\":\"Portada\",\"item\":\"https:\\\/\\\/plannerexhibitions.com\\\/en\\\/\"},{\"@type\":\"ListItem\",\"position\":2,\"name\":\"Hospitality Real Estate Forum\",\"item\":\"https:\\\/\\\/plannerexhibitions.com\\\/en\\\/hospitality\\\/\"},{\"@type\":\"ListItem\",\"position\":3,\"name\":\"Hospitality Real Estate Forum 2025 Partners\"}]},{\"@type\":\"WebSite\",\"@id\":\"https:\\\/\\\/plannerexhibitions.com\\\/en\\\/#website\",\"url\":\"https:\\\/\\\/plannerexhibitions.com\\\/en\\\/\",\"name\":\"Planner Exhibitions\",\"description\":\"\",\"publisher\":{\"@id\":\"https:\\\/\\\/plannerexhibitions.com\\\/en\\\/#organization\"},\"potentialAction\":[{\"@type\":\"SearchAction\",\"target\":{\"@type\":\"EntryPoint\",\"urlTemplate\":\"https:\\\/\\\/plannerexhibitions.com\\\/en\\\/?s={search_term_string}\"},\"query-input\":{\"@type\":\"PropertyValueSpecification\",\"valueRequired\":true,\"valueName\":\"search_term_string\"}}],\"inLanguage\":\"en-US\"},{\"@type\":\"Organization\",\"@id\":\"https:\\\/\\\/plannerexhibitions.com\\\/en\\\/#organization\",\"name\":\"Planner Exhibitions\",\"url\":\"https:\\\/\\\/plannerexhibitions.com\\\/en\\\/\",\"logo\":{\"@type\":\"ImageObject\",\"inLanguage\":\"en-US\",\"@id\":\"https:\\\/\\\/plannerexhibitions.com\\\/en\\\/#\\\/schema\\\/logo\\\/image\\\/\",\"url\":\"https:\\\/\\\/plannerexhibitions.com\\\/wp-content\\\/uploads\\\/2024\\\/06\\\/Planner_2L.svg\",\"contentUrl\":\"https:\\\/\\\/plannerexhibitions.com\\\/wp-content\\\/uploads\\\/2024\\\/06\\\/Planner_2L.svg\",\"width\":1,\"height\":1,\"caption\":\"Planner Exhibitions\"},\"image\":{\"@id\":\"https:\\\/\\\/plannerexhibitions.com\\\/en\\\/#\\\/schema\\\/logo\\\/image\\\/\"}}]}<\/script>\n<!-- \/ Yoast SEO plugin. -->","yoast_head_json":{"title":"Hospitality Real Estate Forum 2025 Partners - Planner Exhibitions","robots":{"index":"index","follow":"follow","max-snippet":"max-snippet:-1","max-image-preview":"max-image-preview:large","max-video-preview":"max-video-preview:-1"},"canonical":"https:\/\/plannerexhibitions.com\/en\/hospitality\/partners-2025\/","og_locale":"en_US","og_type":"article","og_title":"Hospitality Real Estate Forum 2025 Partners - Planner Exhibitions","og_description":"If you wish to participate as a partner in the event, please contact:Eva Oliva: +34 696 596 667 \u2013 eva.oliva@gplanner.comEnrique Mart\u00edn: +34 639 115 085 \u2013 enrique.martin@gplanner.com","og_url":"https:\/\/plannerexhibitions.com\/en\/hospitality\/partners-2025\/","og_site_name":"Planner Exhibitions","article_modified_time":"2025-06-05T15:51:56+00:00","og_image":[{"width":1600,"height":1067,"url":"https:\/\/plannerexhibitions.com\/wp-content\/uploads\/2024\/10\/href-2805.jpg","type":"image\/jpeg"}],"twitter_card":"summary_large_image","twitter_misc":{"Est. reading time":"1 minute"},"schema":{"@context":"https:\/\/schema.org","@graph":[{"@type":"WebPage","@id":"https:\/\/plannerexhibitions.com\/en\/hospitality\/partners-2025\/","url":"https:\/\/plannerexhibitions.com\/en\/hospitality\/partners-2025\/","name":"Hospitality Real Estate Forum 2025 Partners - Planner Exhibitions","isPartOf":{"@id":"https:\/\/plannerexhibitions.com\/en\/#website"},"primaryImageOfPage":{"@id":"https:\/\/plannerexhibitions.com\/en\/hospitality\/partners-2025\/#primaryimage"},"image":{"@id":"https:\/\/plannerexhibitions.com\/en\/hospitality\/partners-2025\/#primaryimage"},"thumbnailUrl":"https:\/\/plannerexhibitions.com\/wp-content\/uploads\/2024\/10\/href-2805.jpg","datePublished":"2025-03-27T15:53:38+00:00","dateModified":"2025-06-05T15:51:56+00:00","breadcrumb":{"@id":"https:\/\/plannerexhibitions.com\/en\/hospitality\/partners-2025\/#breadcrumb"},"inLanguage":"en-US","potentialAction":[{"@type":"ReadAction","target":["https:\/\/plannerexhibitions.com\/en\/hospitality\/partners-2025\/"]}]},{"@type":"ImageObject","inLanguage":"en-US","@id":"https:\/\/plannerexhibitions.com\/en\/hospitality\/partners-2025\/#primaryimage","url":"https:\/\/plannerexhibitions.com\/wp-content\/uploads\/2024\/10\/href-2805.jpg","contentUrl":"https:\/\/plannerexhibitions.com\/wp-content\/uploads\/2024\/10\/href-2805.jpg","width":1600,"height":1067},{"@type":"BreadcrumbList","@id":"https:\/\/plannerexhibitions.com\/en\/hospitality\/partners-2025\/#breadcrumb","itemListElement":[{"@type":"ListItem","position":1,"name":"Portada","item":"https:\/\/plannerexhibitions.com\/en\/"},{"@type":"ListItem","position":2,"name":"Hospitality Real Estate Forum","item":"https:\/\/plannerexhibitions.com\/en\/hospitality\/"},{"@type":"ListItem","position":3,"name":"Hospitality Real Estate Forum 2025 Partners"}]},{"@type":"WebSite","@id":"https:\/\/plannerexhibitions.com\/en\/#website","url":"https:\/\/plannerexhibitions.com\/en\/","name":"Planner Exhibitions","description":"","publisher":{"@id":"https:\/\/plannerexhibitions.com\/en\/#organization"},"potentialAction":[{"@type":"SearchAction","target":{"@type":"EntryPoint","urlTemplate":"https:\/\/plannerexhibitions.com\/en\/?s={search_term_string}"},"query-input":{"@type":"PropertyValueSpecification","valueRequired":true,"valueName":"search_term_string"}}],"inLanguage":"en-US"},{"@type":"Organization","@id":"https:\/\/plannerexhibitions.com\/en\/#organization","name":"Planner Exhibitions","url":"https:\/\/plannerexhibitions.com\/en\/","logo":{"@type":"ImageObject","inLanguage":"en-US","@id":"https:\/\/plannerexhibitions.com\/en\/#\/schema\/logo\/image\/","url":"https:\/\/plannerexhibitions.com\/wp-content\/uploads\/2024\/06\/Planner_2L.svg","contentUrl":"https:\/\/plannerexhibitions.com\/wp-content\/uploads\/2024\/06\/Planner_2L.svg","width":1,"height":1,"caption":"Planner Exhibitions"},"image":{"@id":"https:\/\/plannerexhibitions.com\/en\/#\/schema\/logo\/image\/"}}]}},"_links":{"self":[{"href":"https:\/\/plannerexhibitions.com\/en\/wp-json\/wp\/v2\/pages\/6543","targetHints":{"allow":["GET"]}}],"collection":[{"href":"https:\/\/plannerexhibitions.com\/en\/wp-json\/wp\/v2\/pages"}],"about":[{"href":"https:\/\/plannerexhibitions.com\/en\/wp-json\/wp\/v2\/types\/page"}],"author":[{"embeddable":true,"href":"https:\/\/plannerexhibitions.com\/en\/wp-json\/wp\/v2\/users\/1"}],"replies":[{"embeddable":true,"href":"https:\/\/plannerexhibitions.com\/en\/wp-json\/wp\/v2\/comments?post=6543"}],"version-history":[{"count":2,"href":"https:\/\/plannerexhibitions.com\/en\/wp-json\/wp\/v2\/pages\/6543\/revisions"}],"predecessor-version":[{"id":6756,"href":"https:\/\/plannerexhibitions.com\/en\/wp-json\/wp\/v2\/pages\/6543\/revisions\/6756"}],"up":[{"embeddable":true,"href":"https:\/\/plannerexhibitions.com\/en\/wp-json\/wp\/v2\/pages\/2620"}],"wp:featuredmedia":[{"embeddable":true,"href":"https:\/\/plannerexhibitions.com\/en\/wp-json\/wp\/v2\/media\/3991"}],"wp:attachment":[{"href":"https:\/\/plannerexhibitions.com\/en\/wp-json\/wp\/v2\/media?parent=6543"}],"curies":[{"name":"wp","href":"https:\/\/api.w.org\/{rel}","templated":true}]}}