{"id":5403,"date":"2024-12-02T17:45:15","date_gmt":"2024-12-02T16:45:15","guid":{"rendered":"https:\/\/plannerexhibitions.com\/?page_id=5403"},"modified":"2025-01-20T15:32:44","modified_gmt":"2025-01-20T14:32:44","slug":"partners-2025","status":"publish","type":"page","link":"https:\/\/plannerexhibitions.com\/en\/family\/partners-2025\/","title":{"rendered":"Family Office &#038; Private Wealth Real Estate Forum 2025 Partners"},"content":{"rendered":"<section>\n<div class=\"listado-logos featured\"><div class=\"pro-logos-main\"><p><strong>Gold Partner<\/strong><\/p><div class=\"pro-logos-content\"><div class=\"pro-logo-wrap-evento\" id=\"504\"><div class=\"pro-logo\"><a href=\"https:\/\/www.tqalternativeinvestments.com\/\" target=\"_blank\" rel=\"noopener\"><img decoding=\"async\" class=\"alignnone\" src=\"https:\/\/plannerexhibitions.com\/wp-content\/uploads\/2024\/06\/TQ-Alternative.jpg\" alt=tq alternative investments><\/a><\/div><\/div><\/div><\/div><div class=\"pro-logos-main\"><p><strong>Bronze Partner<\/strong><\/p><div class=\"pro-logos-content\"><div class=\"pro-logo-wrap-evento\" id=\"531\"><div class=\"pro-logo\"><a href=\"https:\/\/page.clubfunding.fr\/es-es\/operador-inmobiliario\" target=\"_blank\" rel=\"noopener\"><img decoding=\"async\" class=\"alignnone\" src=\"https:\/\/plannerexhibitions.com\/wp-content\/uploads\/2024\/06\/Club-Funding.png\" alt=clubfunding><\/a><\/div><\/div><div class=\"pro-logo-wrap-evento\" id=\"5296\"><div class=\"pro-logo\"><a href=\"https:\/\/raizers.es\/\" target=\"_blank\" rel=\"noopener\"><img decoding=\"async\" class=\"alignnone\" src=\"https:\/\/plannerexhibitions.com\/wp-content\/uploads\/2024\/12\/raizers-1.jpg\" alt=raizers><\/a><\/div><\/div><div class=\"pro-logo-wrap-evento\" id=\"495\"><div class=\"pro-logo\"><a href=\"https:\/\/urbanitae.com\/es\/\" target=\"_blank\" rel=\"noopener\"><img decoding=\"async\" class=\"alignnone\" src=\"https:\/\/plannerexhibitions.com\/wp-content\/uploads\/2024\/06\/urbanitae.jpg\" alt=urbanitae><\/a><\/div><\/div><\/div><\/div><div class=\"pro-logos-main\"><p><strong>Supporting Partner<\/strong><\/p><div class=\"pro-logos-content\"><div class=\"pro-logo-wrap-evento\" id=\"5921\"><div class=\"pro-logo\"><a href=\"https:\/\/www.adaptasocios.com\/\" target=\"_blank\" rel=\"noopener\"><img decoding=\"async\" class=\"alignnone\" src=\"https:\/\/plannerexhibitions.com\/wp-content\/uploads\/2025\/02\/Logo-Adapta-Socios-Color.jpg\" alt=adapta socios><\/a><\/div><\/div><div class=\"pro-logo-wrap-evento\" id=\"507\"><div class=\"pro-logo\"><a href=\"https:\/\/www.civislend.com\/\" target=\"_blank\" rel=\"noopener\"><img decoding=\"async\" class=\"alignnone\" src=\"https:\/\/plannerexhibitions.com\/wp-content\/uploads\/2024\/06\/CIVISLEND-INVERSIONES-PRINCIPAL.jpg\" alt=civislend inversiones inmobiliarias><\/a><\/div><\/div><div class=\"pro-logo-wrap-evento\" id=\"5795\"><div class=\"pro-logo\"><a href=\"https:\/\/gibobs.com\/\" target=\"_blank\" rel=\"noopener\"><img decoding=\"async\" class=\"alignnone\" src=\"https:\/\/plannerexhibitions.com\/wp-content\/uploads\/2025\/02\/Gibobs.jpg\" alt=gibobs><\/a><\/div><\/div><div class=\"pro-logo-wrap-evento\" id=\"513\"><div class=\"pro-logo\"><a href=\"https:\/\/www.grcim.com\/es\" target=\"_blank\" rel=\"noopener\"><img decoding=\"async\" class=\"alignnone\" src=\"https:\/\/plannerexhibitions.com\/wp-content\/uploads\/2024\/06\/GRC-IM.jpg\" alt=grc im><\/a><\/div><\/div><div class=\"pro-logo-wrap-evento\" id=\"516\"><div class=\"pro-logo\"><a href=\"https:\/\/jubenial.com\/\" target=\"_blank\" rel=\"noopener\"><img decoding=\"async\" class=\"alignnone\" src=\"https:\/\/plannerexhibitions.com\/wp-content\/uploads\/2024\/06\/jubenial.jpg\" alt=jubenial><\/a><\/div><\/div><div class=\"pro-logo-wrap-evento\" id=\"5467\"><div class=\"pro-logo\"><a href=\"https:\/\/www.lobostudio.es\/\" target=\"_blank\" rel=\"noopener\"><img decoding=\"async\" class=\"alignnone\" src=\"https:\/\/plannerexhibitions.com\/wp-content\/uploads\/2024\/12\/logo-Lobo-Studio.jpg\" alt=lobo studio><\/a><\/div><\/div><div class=\"pro-logo-wrap-evento\" id=\"3530\"><div class=\"pro-logo\"><a href=\"https:\/\/mvgm.com\/es\/\" target=\"_blank\" rel=\"noopener\"><img decoding=\"async\" class=\"alignnone\" src=\"https:\/\/plannerexhibitions.com\/wp-content\/uploads\/2024\/10\/MVGM.jpg\" alt=mvgm><\/a><\/div><\/div><div class=\"pro-logo-wrap-evento\" id=\"519\"><div class=\"pro-logo\"><a href=\"https:\/\/rebs-edu.com\/\" target=\"_blank\" rel=\"noopener\"><img decoding=\"async\" class=\"alignnone\" src=\"https:\/\/plannerexhibitions.com\/wp-content\/uploads\/2024\/06\/REBS_LOGO_EXECUTIVE_SINFONDO.jpg\" alt=rebs><\/a><\/div><\/div><div class=\"pro-logo-wrap-evento\" id=\"594\"><div class=\"pro-logo\"><a href=\"https:\/\/www.st-tasacion.es\/es\/inicio.html\" target=\"_blank\" rel=\"noopener\"><img decoding=\"async\" class=\"alignnone\" src=\"https:\/\/plannerexhibitions.com\/wp-content\/uploads\/2024\/06\/st-sociedad-de-tasacion.jpg\" alt=st sociedad de tasaci\u00f3n><\/a><\/div><\/div><\/div><\/div><div class=\"pro-logos-main\"><p><strong>NGO Partner<\/strong><\/p><div class=\"pro-logos-content\"><div class=\"pro-logo-wrap-evento\" id=\"1544\"><div class=\"pro-logo\"><a href=\"https:\/\/fundacionprodis.org\/\" target=\"_blank\" rel=\"noopener\"><img decoding=\"async\" class=\"alignnone\" src=\"https:\/\/plannerexhibitions.com\/wp-content\/uploads\/2024\/06\/PRODIS.jpg\" alt=fundaci\u00f3n prodis><\/a><\/div><\/div><\/div><\/div><\/div>\n<br \/>\n<p><div class=\"pro-logos-main\"><p><strong>Industry Partner<\/strong><\/p><div class=\"pro-logos-content\"><div class=\"pro-logo-wrap-evento\" id=\"237\"><div class=\"pro-logo\"><a href=\"https:\/\/acpmalaga.com\/\" target=\"_blank\" rel=\"noopener\"><img decoding=\"async\" class=\"alignnone\" src=\"https:\/\/plannerexhibitions.com\/wp-content\/uploads\/2024\/06\/ACP-Malaga-1.jpg\" alt=acp m\u00e1laga-asoc. provincial constructores y promotores m\u00e1laga><\/a><\/div><\/div><div class=\"pro-logo-wrap-evento\" id=\"402\"><div class=\"pro-logo\"><a href=\"http:\/\/www.apce.es\/\" target=\"_blank\" rel=\"noopener\"><img decoding=\"async\" class=\"alignnone\" src=\"https:\/\/plannerexhibitions.com\/wp-content\/uploads\/2024\/06\/APCEspana-Horizontal.jpg\" alt=apce-asociaci\u00f3n de promotores constructores de espa\u00f1a><\/a><\/div><\/div><div class=\"pro-logo-wrap-evento\" id=\"399\"><div class=\"pro-logo\"><a href=\"https:\/\/apcebcn.cat\/\" target=\"_blank\" rel=\"noopener\"><img decoding=\"async\" class=\"alignnone\" src=\"https:\/\/plannerexhibitions.com\/wp-content\/uploads\/2024\/06\/apce-cat.webp\" alt=apce-associaci\u00f3 de promotors de catalunya><\/a><\/div><\/div><div class=\"pro-logo-wrap-evento\" id=\"426\"><div class=\"pro-logo\"><a href=\"https:\/\/aprova.es\/\" target=\"_blank\" rel=\"noopener\"><img decoding=\"async\" class=\"alignnone\" src=\"https:\/\/plannerexhibitions.com\/wp-content\/uploads\/2024\/06\/Aprova.jpg\" alt=aprova-asociaci\u00f3n de empresas promotoras de valencia><\/a><\/div><\/div><div class=\"pro-logo-wrap-evento\" id=\"429\"><div class=\"pro-logo\"><a href=\"http:\/\/www.asprima.es\/\" target=\"_blank\" rel=\"noopener\"><img decoding=\"async\" class=\"alignnone\" src=\"https:\/\/plannerexhibitions.com\/wp-content\/uploads\/2024\/06\/Asprima-1.jpg\" alt=asprima-asociaci\u00f3n de promotores inmobiliarios de madrid><\/a><\/div><\/div><div class=\"pro-logo-wrap-evento\" id=\"432\"><div class=\"pro-logo\"><a href=\"https:\/\/www.asval.com\/\" target=\"_blank\" rel=\"noopener\"><img decoding=\"async\" class=\"alignnone\" src=\"https:\/\/plannerexhibitions.com\/wp-content\/uploads\/2024\/06\/asval.jpg\" alt=asval-asociaci\u00f3n de propietarios de viviendas en alquiler><\/a><\/div><\/div><div class=\"pro-logo-wrap-evento\" id=\"458\"><div class=\"pro-logo\"><a href=\"http:\/\/www.coword.org\/\" target=\"_blank\" rel=\"noopener\"><img decoding=\"async\" class=\"alignnone\" src=\"https:\/\/plannerexhibitions.com\/wp-content\/uploads\/2024\/06\/coword.webp\" alt=coword><\/a><\/div><\/div><div class=\"pro-logo-wrap-evento\" id=\"435\"><div class=\"pro-logo\"><a href=\"http:\/\/www.faeccadiz.com\/\" target=\"_blank\" rel=\"noopener\"><img decoding=\"async\" class=\"alignnone\" src=\"https:\/\/plannerexhibitions.com\/wp-content\/uploads\/2024\/06\/FAEC.jpg\" alt=faec-federaci\u00f3n provincial agrupaciones empresarios construcci\u00f3n c\u00e1diz><\/a><\/div><\/div><div class=\"pro-logo-wrap-evento\" id=\"650\"><div class=\"pro-logo\"><a href=\"https:\/\/pro.fotocasa.es\/\" target=\"_blank\" rel=\"noopener\"><img decoding=\"async\" class=\"alignnone\" src=\"https:\/\/plannerexhibitions.com\/wp-content\/uploads\/2024\/06\/fotocasapro.jpg\" alt=fotocasa pro><\/a><\/div><\/div><div class=\"pro-logo-wrap-evento\" id=\"476\"><div class=\"pro-logo\"><a href=\"http:\/\/www.provia.es\/\" target=\"_blank\" rel=\"noopener\"><img decoding=\"async\" class=\"alignnone\" src=\"https:\/\/plannerexhibitions.com\/wp-content\/uploads\/2024\/06\/Provia.jpg\" alt=provia-asociaci\u00f3n de promotores inmobiliarios de la provincia de alicante><\/a><\/div><\/div><div class=\"pro-logo-wrap-evento\" id=\"489\"><div class=\"pro-logo\"><a href=\"https:\/\/spain.uli.org\/\" target=\"_blank\" rel=\"noopener\"><img decoding=\"async\" class=\"alignnone\" src=\"https:\/\/plannerexhibitions.com\/wp-content\/uploads\/2024\/06\/ULI-Spain.webp\" alt=uli spain><\/a><\/div><\/div><div class=\"pro-logo-wrap-evento\" id=\"482\"><div class=\"pro-logo\"><a href=\"http:\/\/www.wires.es\/\" target=\"_blank\" rel=\"noopener\"><img decoding=\"async\" class=\"alignnone\" src=\"https:\/\/plannerexhibitions.com\/wp-content\/uploads\/2024\/06\/wires.png\" alt=wires-women in real estate><\/a><\/div><\/div><\/div><\/div><div class=\"pro-logos-main\"><p><strong>Media Partner<\/strong><\/p><div class=\"pro-logos-content\"><div class=\"pro-logo-wrap-evento\" id=\"2550\"><div class=\"pro-logo\"><a href=\"http:\/\/elinmobiliariomesames.com\/\" target=\"_blank\" rel=\"noopener\"><img decoding=\"async\" class=\"alignnone\" src=\"https:\/\/plannerexhibitions.com\/wp-content\/uploads\/2024\/08\/el-inmobiliario-mes-a-mes.jpg\" alt=el inmobiliario mes a mes><\/a><\/div><\/div><div class=\"pro-logo-wrap-evento\" id=\"5673\"><div class=\"pro-logo\"><a href=\"https:\/\/fundspeople.com\/es\/\" target=\"_blank\" rel=\"noopener\"><img decoding=\"async\" class=\"alignnone\" src=\"https:\/\/plannerexhibitions.com\/wp-content\/uploads\/2025\/01\/FUNDSPEOPLE-H.jpg\" alt=funds people><\/a><\/div><\/div><div class=\"pro-logo-wrap-evento\" id=\"2144\"><div class=\"pro-logo\"><a href=\"https:\/\/xm2news.com\/\" target=\"_blank\" rel=\"noopener\"><img decoding=\"async\" class=\"alignnone\" src=\"https:\/\/plannerexhibitions.com\/wp-content\/uploads\/2024\/07\/xm2.jpg\" alt=xm2 \u2013 por metro cuadrado><\/a><\/div><\/div><\/div><\/div><\/p>\n<br \/>\n&nbsp;<br \/>\nIf you wish to participate as a partner in the event, please contact:<br \/>\nEva Oliva: +34 696 596 667 \u2013 <a href=\"mailto:eva.oliva@gplanner.com\" target=\"_blank\" rel=\"noopener\">eva.oliva@gplanner.com<\/a><br \/>\nEnrique Mart\u00edn: +34 639 115 085 \u2013 <a href=\"mailto:enrique.martin@gplanner.com\" target=\"_blank\" rel=\"noopener\">enrique.martin@gplanner.com<\/a><br \/>\n <\/section>\n","protected":false},"excerpt":{"rendered":"<p>&nbsp; If you wish to participate as a partner in the event, please contact: Eva Oliva: +34 696 596 667 \u2013 eva.oliva@gplanner.com Enrique Mart\u00edn: +34 639 115 085 \u2013 enrique.martin@gplanner.com<\/p>\n","protected":false},"author":1,"featured_media":4345,"parent":5390,"menu_order":0,"comment_status":"closed","ping_status":"closed","template":"","meta":{"pgc_sgb_lightbox_settings":"","footnotes":""},"class_list":["post-5403","page","type-page","status-publish","has-post-thumbnail","hentry"],"yoast_head":"<!-- This site is optimized with the Yoast SEO plugin v27.2 - https:\/\/yoast.com\/product\/yoast-seo-wordpress\/ -->\n<title>Family Office &amp; Private Wealth Real Estate Forum 2025 Partners - Planner Exhibitions<\/title>\n<meta name=\"robots\" content=\"index, follow, max-snippet:-1, max-image-preview:large, max-video-preview:-1\" \/>\n<link rel=\"canonical\" href=\"https:\/\/plannerexhibitions.com\/en\/family\/partners-2025\/\" \/>\n<meta property=\"og:locale\" content=\"en_US\" \/>\n<meta property=\"og:type\" content=\"article\" \/>\n<meta property=\"og:title\" content=\"Family Office &amp; Private Wealth Real Estate Forum 2025 Partners - Planner Exhibitions\" \/>\n<meta property=\"og:description\" content=\"&nbsp; If you wish to participate as a partner in the event, please contact: Eva Oliva: +34 696 596 667 \u2013 eva.oliva@gplanner.com Enrique Mart\u00edn: +34 639 115 085 \u2013 enrique.martin@gplanner.com\" \/>\n<meta property=\"og:url\" content=\"https:\/\/plannerexhibitions.com\/en\/family\/partners-2025\/\" \/>\n<meta property=\"og:site_name\" content=\"Planner Exhibitions\" \/>\n<meta property=\"article:modified_time\" content=\"2025-01-20T14:32:44+00:00\" \/>\n<meta property=\"og:image\" content=\"https:\/\/plannerexhibitions.com\/wp-content\/uploads\/2024\/11\/REFfopw-4918.jpg\" \/>\n\t<meta property=\"og:image:width\" content=\"1600\" \/>\n\t<meta property=\"og:image:height\" content=\"1067\" \/>\n\t<meta property=\"og:image:type\" content=\"image\/jpeg\" \/>\n<meta name=\"twitter:card\" content=\"summary_large_image\" \/>\n<meta name=\"twitter:label1\" content=\"Est. reading time\" \/>\n\t<meta name=\"twitter:data1\" content=\"1 minute\" \/>\n<script type=\"application\/ld+json\" class=\"yoast-schema-graph\">{\"@context\":\"https:\/\/schema.org\",\"@graph\":[{\"@type\":\"WebPage\",\"@id\":\"https:\/\/plannerexhibitions.com\/en\/family\/partners-2025\/\",\"url\":\"https:\/\/plannerexhibitions.com\/en\/family\/partners-2025\/\",\"name\":\"Family Office & Private Wealth Real Estate Forum 2025 Partners - Planner Exhibitions\",\"isPartOf\":{\"@id\":\"https:\/\/plannerexhibitions.com\/en\/#website\"},\"primaryImageOfPage\":{\"@id\":\"https:\/\/plannerexhibitions.com\/en\/family\/partners-2025\/#primaryimage\"},\"image\":{\"@id\":\"https:\/\/plannerexhibitions.com\/en\/family\/partners-2025\/#primaryimage\"},\"thumbnailUrl\":\"https:\/\/plannerexhibitions.com\/wp-content\/uploads\/2024\/11\/REFfopw-4918.jpg\",\"datePublished\":\"2024-12-02T16:45:15+00:00\",\"dateModified\":\"2025-01-20T14:32:44+00:00\",\"breadcrumb\":{\"@id\":\"https:\/\/plannerexhibitions.com\/en\/family\/partners-2025\/#breadcrumb\"},\"inLanguage\":\"en-US\",\"potentialAction\":[{\"@type\":\"ReadAction\",\"target\":[\"https:\/\/plannerexhibitions.com\/en\/family\/partners-2025\/\"]}]},{\"@type\":\"ImageObject\",\"inLanguage\":\"en-US\",\"@id\":\"https:\/\/plannerexhibitions.com\/en\/family\/partners-2025\/#primaryimage\",\"url\":\"https:\/\/plannerexhibitions.com\/wp-content\/uploads\/2024\/11\/REFfopw-4918.jpg\",\"contentUrl\":\"https:\/\/plannerexhibitions.com\/wp-content\/uploads\/2024\/11\/REFfopw-4918.jpg\",\"width\":1600,\"height\":1067},{\"@type\":\"BreadcrumbList\",\"@id\":\"https:\/\/plannerexhibitions.com\/en\/family\/partners-2025\/#breadcrumb\",\"itemListElement\":[{\"@type\":\"ListItem\",\"position\":1,\"name\":\"Portada\",\"item\":\"https:\/\/plannerexhibitions.com\/en\/\"},{\"@type\":\"ListItem\",\"position\":2,\"name\":\"Family Office &amp; Private Wealth Real Estate Forum\",\"item\":\"https:\/\/plannerexhibitions.com\/en\/family\/\"},{\"@type\":\"ListItem\",\"position\":3,\"name\":\"Family Office &#038; Private Wealth Real Estate Forum 2025 Partners\"}]},{\"@type\":\"WebSite\",\"@id\":\"https:\/\/plannerexhibitions.com\/en\/#website\",\"url\":\"https:\/\/plannerexhibitions.com\/en\/\",\"name\":\"Planner Exhibitions\",\"description\":\"\",\"publisher\":{\"@id\":\"https:\/\/plannerexhibitions.com\/en\/#organization\"},\"potentialAction\":[{\"@type\":\"SearchAction\",\"target\":{\"@type\":\"EntryPoint\",\"urlTemplate\":\"https:\/\/plannerexhibitions.com\/en\/?s={search_term_string}\"},\"query-input\":{\"@type\":\"PropertyValueSpecification\",\"valueRequired\":true,\"valueName\":\"search_term_string\"}}],\"inLanguage\":\"en-US\"},{\"@type\":\"Organization\",\"@id\":\"https:\/\/plannerexhibitions.com\/en\/#organization\",\"name\":\"Planner Exhibitions\",\"url\":\"https:\/\/plannerexhibitions.com\/en\/\",\"logo\":{\"@type\":\"ImageObject\",\"inLanguage\":\"en-US\",\"@id\":\"https:\/\/plannerexhibitions.com\/en\/#\/schema\/logo\/image\/\",\"url\":\"https:\/\/plannerexhibitions.com\/wp-content\/uploads\/2024\/06\/Planner_2L.svg\",\"contentUrl\":\"https:\/\/plannerexhibitions.com\/wp-content\/uploads\/2024\/06\/Planner_2L.svg\",\"width\":1,\"height\":1,\"caption\":\"Planner Exhibitions\"},\"image\":{\"@id\":\"https:\/\/plannerexhibitions.com\/en\/#\/schema\/logo\/image\/\"}}]}<\/script>\n<!-- \/ Yoast SEO plugin. -->","yoast_head_json":{"title":"Family Office & Private Wealth Real Estate Forum 2025 Partners - Planner Exhibitions","robots":{"index":"index","follow":"follow","max-snippet":"max-snippet:-1","max-image-preview":"max-image-preview:large","max-video-preview":"max-video-preview:-1"},"canonical":"https:\/\/plannerexhibitions.com\/en\/family\/partners-2025\/","og_locale":"en_US","og_type":"article","og_title":"Family Office & Private Wealth Real Estate Forum 2025 Partners - Planner Exhibitions","og_description":"&nbsp; If you wish to participate as a partner in the event, please contact: Eva Oliva: +34 696 596 667 \u2013 eva.oliva@gplanner.com Enrique Mart\u00edn: +34 639 115 085 \u2013 enrique.martin@gplanner.com","og_url":"https:\/\/plannerexhibitions.com\/en\/family\/partners-2025\/","og_site_name":"Planner Exhibitions","article_modified_time":"2025-01-20T14:32:44+00:00","og_image":[{"width":1600,"height":1067,"url":"https:\/\/plannerexhibitions.com\/wp-content\/uploads\/2024\/11\/REFfopw-4918.jpg","type":"image\/jpeg"}],"twitter_card":"summary_large_image","twitter_misc":{"Est. reading time":"1 minute"},"schema":{"@context":"https:\/\/schema.org","@graph":[{"@type":"WebPage","@id":"https:\/\/plannerexhibitions.com\/en\/family\/partners-2025\/","url":"https:\/\/plannerexhibitions.com\/en\/family\/partners-2025\/","name":"Family Office & Private Wealth Real Estate Forum 2025 Partners - Planner Exhibitions","isPartOf":{"@id":"https:\/\/plannerexhibitions.com\/en\/#website"},"primaryImageOfPage":{"@id":"https:\/\/plannerexhibitions.com\/en\/family\/partners-2025\/#primaryimage"},"image":{"@id":"https:\/\/plannerexhibitions.com\/en\/family\/partners-2025\/#primaryimage"},"thumbnailUrl":"https:\/\/plannerexhibitions.com\/wp-content\/uploads\/2024\/11\/REFfopw-4918.jpg","datePublished":"2024-12-02T16:45:15+00:00","dateModified":"2025-01-20T14:32:44+00:00","breadcrumb":{"@id":"https:\/\/plannerexhibitions.com\/en\/family\/partners-2025\/#breadcrumb"},"inLanguage":"en-US","potentialAction":[{"@type":"ReadAction","target":["https:\/\/plannerexhibitions.com\/en\/family\/partners-2025\/"]}]},{"@type":"ImageObject","inLanguage":"en-US","@id":"https:\/\/plannerexhibitions.com\/en\/family\/partners-2025\/#primaryimage","url":"https:\/\/plannerexhibitions.com\/wp-content\/uploads\/2024\/11\/REFfopw-4918.jpg","contentUrl":"https:\/\/plannerexhibitions.com\/wp-content\/uploads\/2024\/11\/REFfopw-4918.jpg","width":1600,"height":1067},{"@type":"BreadcrumbList","@id":"https:\/\/plannerexhibitions.com\/en\/family\/partners-2025\/#breadcrumb","itemListElement":[{"@type":"ListItem","position":1,"name":"Portada","item":"https:\/\/plannerexhibitions.com\/en\/"},{"@type":"ListItem","position":2,"name":"Family Office &amp; Private Wealth Real Estate Forum","item":"https:\/\/plannerexhibitions.com\/en\/family\/"},{"@type":"ListItem","position":3,"name":"Family Office &#038; Private Wealth Real Estate Forum 2025 Partners"}]},{"@type":"WebSite","@id":"https:\/\/plannerexhibitions.com\/en\/#website","url":"https:\/\/plannerexhibitions.com\/en\/","name":"Planner Exhibitions","description":"","publisher":{"@id":"https:\/\/plannerexhibitions.com\/en\/#organization"},"potentialAction":[{"@type":"SearchAction","target":{"@type":"EntryPoint","urlTemplate":"https:\/\/plannerexhibitions.com\/en\/?s={search_term_string}"},"query-input":{"@type":"PropertyValueSpecification","valueRequired":true,"valueName":"search_term_string"}}],"inLanguage":"en-US"},{"@type":"Organization","@id":"https:\/\/plannerexhibitions.com\/en\/#organization","name":"Planner Exhibitions","url":"https:\/\/plannerexhibitions.com\/en\/","logo":{"@type":"ImageObject","inLanguage":"en-US","@id":"https:\/\/plannerexhibitions.com\/en\/#\/schema\/logo\/image\/","url":"https:\/\/plannerexhibitions.com\/wp-content\/uploads\/2024\/06\/Planner_2L.svg","contentUrl":"https:\/\/plannerexhibitions.com\/wp-content\/uploads\/2024\/06\/Planner_2L.svg","width":1,"height":1,"caption":"Planner Exhibitions"},"image":{"@id":"https:\/\/plannerexhibitions.com\/en\/#\/schema\/logo\/image\/"}}]}},"_links":{"self":[{"href":"https:\/\/plannerexhibitions.com\/en\/wp-json\/wp\/v2\/pages\/5403","targetHints":{"allow":["GET"]}}],"collection":[{"href":"https:\/\/plannerexhibitions.com\/en\/wp-json\/wp\/v2\/pages"}],"about":[{"href":"https:\/\/plannerexhibitions.com\/en\/wp-json\/wp\/v2\/types\/page"}],"author":[{"embeddable":true,"href":"https:\/\/plannerexhibitions.com\/en\/wp-json\/wp\/v2\/users\/1"}],"replies":[{"embeddable":true,"href":"https:\/\/plannerexhibitions.com\/en\/wp-json\/wp\/v2\/comments?post=5403"}],"version-history":[{"count":5,"href":"https:\/\/plannerexhibitions.com\/en\/wp-json\/wp\/v2\/pages\/5403\/revisions"}],"predecessor-version":[{"id":5686,"href":"https:\/\/plannerexhibitions.com\/en\/wp-json\/wp\/v2\/pages\/5403\/revisions\/5686"}],"up":[{"embeddable":true,"href":"https:\/\/plannerexhibitions.com\/en\/wp-json\/wp\/v2\/pages\/5390"}],"wp:featuredmedia":[{"embeddable":true,"href":"https:\/\/plannerexhibitions.com\/en\/wp-json\/wp\/v2\/media\/4345"}],"wp:attachment":[{"href":"https:\/\/plannerexhibitions.com\/en\/wp-json\/wp\/v2\/media?parent=5403"}],"curies":[{"name":"wp","href":"https:\/\/api.w.org\/{rel}","templated":true}]}}