{"id":2079,"date":"2024-06-24T15:45:59","date_gmt":"2024-06-24T13:45:59","guid":{"rendered":"https:\/\/plannerexhibitions.com\/lean\/programa-2024\/"},"modified":"2024-10-24T11:50:39","modified_gmt":"2024-10-24T09:50:39","slug":"agenda-2024","status":"publish","type":"page","link":"https:\/\/plannerexhibitions.com\/en\/lean\/agenda-2024\/","title":{"rendered":"Lean Construction Forum 2024 Agenda"},"content":{"rendered":"<section class=\"text-left\">\nThe event will be held in Spanish, except in sessions where another language is expressly indicated. All sessions will have automatic simultaneous translation into English or Spanish, as appropriate, which will be projected on the top of the screen located on the stage.<\/p>\n<p>Disponible pr\u00f3ximamente<\/p>\n<p>&nbsp;<\/p>\n<h3>Lean Construction Forum Partners<\/h3>\n<div class=\"listado-logos featured\"><div class=\"pro-logos-main\"><p><strong>Silver Partner<\/strong><\/p><div class=\"pro-logos-content\"><div class=\"pro-logo-wrap-evento\" id=\"3414\"><div class=\"pro-logo\"><a href=\"https:\/\/www.rovergrupo.com\/\" target=\"_blank\" rel=\"noopener\"><img decoding=\"async\" class=\"alignnone\" src=\"https:\/\/plannerexhibitions.com\/wp-content\/uploads\/2024\/10\/RoverHorizontal_logotipo_fondoAZUL.jpg\" alt=\"rover\"><\/a><\/div><\/div><\/div><\/div><div class=\"pro-logos-main\"><p><strong>Bronze Partner<\/strong><\/p><div class=\"pro-logos-content\"><div class=\"pro-logo-wrap-evento\" id=\"3015\"><div class=\"pro-logo\"><a href=\"https:\/\/acr.es\/\" target=\"_blank\" rel=\"noopener\"><img decoding=\"async\" class=\"alignnone\" src=\"https:\/\/plannerexhibitions.com\/wp-content\/uploads\/2024\/09\/01_ACR_NEGRO.jpg\" alt=\"acr\"><\/a><\/div><\/div><div class=\"pro-logo-wrap-evento\" id=\"583\"><div class=\"pro-logo\"><a href=\"https:\/\/www.bilba.es\/\" target=\"_blank\" rel=\"noopener\"><img decoding=\"async\" class=\"alignnone\" src=\"https:\/\/plannerexhibitions.com\/wp-content\/uploads\/2024\/06\/bilba.webp\" alt=\"bilba\"><\/a><\/div><\/div><div class=\"pro-logo-wrap-evento\" id=\"3263\"><div class=\"pro-logo\"><a href=\"https:\/\/pecsa.es\/\" target=\"_blank\" rel=\"noopener\"><img decoding=\"async\" class=\"alignnone\" src=\"https:\/\/plannerexhibitions.com\/wp-content\/uploads\/2024\/09\/GRUPO-PECSA.jpg\" alt=\"grupo pecsa\"><\/a><\/div><\/div><\/div><\/div><div class=\"pro-logos-main\"><p><strong>Organisers<\/strong><\/p><div class=\"pro-logos-content\"><div class=\"pro-logo-wrap-evento\" id=\"240\"><div class=\"pro-logo\"><a href=\"https:\/\/aedip.org\/\" target=\"_blank\" rel=\"noopener\"><img decoding=\"async\" class=\"alignnone\" src=\"https:\/\/plannerexhibitions.com\/wp-content\/uploads\/2024\/06\/AEDIP-1.jpg\" alt=\"aedip-asociaci\u00d3n espa\u00d1ola de direcci\u00d3n integrada de proyecto\"><\/a><\/div><\/div><div class=\"pro-logo-wrap-evento\" id=\"950\"><div class=\"pro-logo\"><a href=\"https:\/\/plannerexhibitions.com\/\" target=\"_blank\" rel=\"noopener\"><img decoding=\"async\" class=\"alignnone\" src=\"https:\/\/plannerexhibitions.com\/wp-content\/uploads\/2024\/06\/Planner_2L.png\" alt=\"planner exhibitions\"><\/a><\/div><\/div><\/div><\/div><div class=\"pro-logos-main\"><p><strong>NGO Partner<\/strong><\/p><div class=\"pro-logos-content\"><div class=\"pro-logo-wrap-evento\" id=\"1544\"><div class=\"pro-logo\"><a href=\"https:\/\/fundacionprodis.org\/\" target=\"_blank\" rel=\"noopener\"><img decoding=\"async\" class=\"alignnone\" src=\"https:\/\/plannerexhibitions.com\/wp-content\/uploads\/2024\/06\/PRODIS.jpg\" alt=\"fundaci\u00f3n prodis\"><\/a><\/div><\/div><\/div><\/div><\/div>\n\n<\/section>\n","protected":false},"excerpt":{"rendered":"<p>The event will be held in Spanish, except in sessions where another language is expressly indicated. All sessions will have automatic simultaneous translation into English or Spanish, as appropriate, which will be projected on the top of the screen located on the stage. &nbsp; Lean Construction Forum Partners<\/p>\n","protected":false},"author":1,"featured_media":941,"parent":2062,"menu_order":0,"comment_status":"closed","ping_status":"closed","template":"","meta":{"pgc_sgb_lightbox_settings":"","footnotes":""},"class_list":["post-2079","page","type-page","status-publish","has-post-thumbnail","hentry"],"yoast_head":"<!-- This site is optimized with the Yoast SEO plugin v27.4 - https:\/\/yoast.com\/product\/yoast-seo-wordpress\/ -->\n<title>Lean Construction Forum 2024 Agenda - Planner Exhibitions<\/title>\n<meta name=\"robots\" content=\"index, follow, max-snippet:-1, max-image-preview:large, max-video-preview:-1\" \/>\n<link rel=\"canonical\" href=\"https:\/\/plannerexhibitions.com\/en\/lean\/agenda-2024\/\" \/>\n<meta property=\"og:locale\" content=\"en_US\" \/>\n<meta property=\"og:type\" content=\"article\" \/>\n<meta property=\"og:title\" content=\"Lean Construction Forum 2024 Agenda - Planner Exhibitions\" \/>\n<meta property=\"og:description\" content=\"The event will be held in Spanish, except in sessions where another language is expressly indicated. All sessions will have automatic simultaneous translation into English or Spanish, as appropriate, which will be projected on the top of the screen located on the stage. &nbsp; Lean Construction Forum Partners\" \/>\n<meta property=\"og:url\" content=\"https:\/\/plannerexhibitions.com\/en\/lean\/agenda-2024\/\" \/>\n<meta property=\"og:site_name\" content=\"Planner Exhibitions\" \/>\n<meta property=\"article:modified_time\" content=\"2024-10-24T09:50:39+00:00\" \/>\n<meta property=\"og:image\" content=\"https:\/\/plannerexhibitions.com\/wp-content\/uploads\/2024\/06\/PremiumRealEstateSummit-102.jpg\" \/>\n\t<meta property=\"og:image:width\" content=\"1920\" \/>\n\t<meta property=\"og:image:height\" content=\"1280\" \/>\n\t<meta property=\"og:image:type\" content=\"image\/jpeg\" \/>\n<meta name=\"twitter:card\" content=\"summary_large_image\" \/>\n<meta name=\"twitter:label1\" content=\"Est. reading time\" \/>\n\t<meta name=\"twitter:data1\" content=\"1 minute\" \/>\n<script type=\"application\/ld+json\" class=\"yoast-schema-graph\">{\"@context\":\"https:\\\/\\\/schema.org\",\"@graph\":[{\"@type\":\"WebPage\",\"@id\":\"https:\\\/\\\/plannerexhibitions.com\\\/en\\\/lean\\\/agenda-2024\\\/\",\"url\":\"https:\\\/\\\/plannerexhibitions.com\\\/en\\\/lean\\\/agenda-2024\\\/\",\"name\":\"Lean Construction Forum 2024 Agenda - Planner Exhibitions\",\"isPartOf\":{\"@id\":\"https:\\\/\\\/plannerexhibitions.com\\\/en\\\/#website\"},\"primaryImageOfPage\":{\"@id\":\"https:\\\/\\\/plannerexhibitions.com\\\/en\\\/lean\\\/agenda-2024\\\/#primaryimage\"},\"image\":{\"@id\":\"https:\\\/\\\/plannerexhibitions.com\\\/en\\\/lean\\\/agenda-2024\\\/#primaryimage\"},\"thumbnailUrl\":\"https:\\\/\\\/plannerexhibitions.com\\\/wp-content\\\/uploads\\\/2024\\\/06\\\/PremiumRealEstateSummit-102.jpg\",\"datePublished\":\"2024-06-24T13:45:59+00:00\",\"dateModified\":\"2024-10-24T09:50:39+00:00\",\"breadcrumb\":{\"@id\":\"https:\\\/\\\/plannerexhibitions.com\\\/en\\\/lean\\\/agenda-2024\\\/#breadcrumb\"},\"inLanguage\":\"en-US\",\"potentialAction\":[{\"@type\":\"ReadAction\",\"target\":[\"https:\\\/\\\/plannerexhibitions.com\\\/en\\\/lean\\\/agenda-2024\\\/\"]}]},{\"@type\":\"ImageObject\",\"inLanguage\":\"en-US\",\"@id\":\"https:\\\/\\\/plannerexhibitions.com\\\/en\\\/lean\\\/agenda-2024\\\/#primaryimage\",\"url\":\"https:\\\/\\\/plannerexhibitions.com\\\/wp-content\\\/uploads\\\/2024\\\/06\\\/PremiumRealEstateSummit-102.jpg\",\"contentUrl\":\"https:\\\/\\\/plannerexhibitions.com\\\/wp-content\\\/uploads\\\/2024\\\/06\\\/PremiumRealEstateSummit-102.jpg\",\"width\":1920,\"height\":1280},{\"@type\":\"BreadcrumbList\",\"@id\":\"https:\\\/\\\/plannerexhibitions.com\\\/en\\\/lean\\\/agenda-2024\\\/#breadcrumb\",\"itemListElement\":[{\"@type\":\"ListItem\",\"position\":1,\"name\":\"Portada\",\"item\":\"https:\\\/\\\/plannerexhibitions.com\\\/en\\\/\"},{\"@type\":\"ListItem\",\"position\":2,\"name\":\"Lean Construction Forum\",\"item\":\"https:\\\/\\\/plannerexhibitions.com\\\/en\\\/lean\\\/\"},{\"@type\":\"ListItem\",\"position\":3,\"name\":\"Lean Construction Forum 2024 Agenda\"}]},{\"@type\":\"WebSite\",\"@id\":\"https:\\\/\\\/plannerexhibitions.com\\\/en\\\/#website\",\"url\":\"https:\\\/\\\/plannerexhibitions.com\\\/en\\\/\",\"name\":\"Planner Exhibitions\",\"description\":\"\",\"publisher\":{\"@id\":\"https:\\\/\\\/plannerexhibitions.com\\\/en\\\/#organization\"},\"potentialAction\":[{\"@type\":\"SearchAction\",\"target\":{\"@type\":\"EntryPoint\",\"urlTemplate\":\"https:\\\/\\\/plannerexhibitions.com\\\/en\\\/?s={search_term_string}\"},\"query-input\":{\"@type\":\"PropertyValueSpecification\",\"valueRequired\":true,\"valueName\":\"search_term_string\"}}],\"inLanguage\":\"en-US\"},{\"@type\":\"Organization\",\"@id\":\"https:\\\/\\\/plannerexhibitions.com\\\/en\\\/#organization\",\"name\":\"Planner Exhibitions\",\"url\":\"https:\\\/\\\/plannerexhibitions.com\\\/en\\\/\",\"logo\":{\"@type\":\"ImageObject\",\"inLanguage\":\"en-US\",\"@id\":\"https:\\\/\\\/plannerexhibitions.com\\\/en\\\/#\\\/schema\\\/logo\\\/image\\\/\",\"url\":\"https:\\\/\\\/plannerexhibitions.com\\\/wp-content\\\/uploads\\\/2024\\\/06\\\/Planner_2L.svg\",\"contentUrl\":\"https:\\\/\\\/plannerexhibitions.com\\\/wp-content\\\/uploads\\\/2024\\\/06\\\/Planner_2L.svg\",\"width\":1,\"height\":1,\"caption\":\"Planner Exhibitions\"},\"image\":{\"@id\":\"https:\\\/\\\/plannerexhibitions.com\\\/en\\\/#\\\/schema\\\/logo\\\/image\\\/\"}}]}<\/script>\n<!-- \/ Yoast SEO plugin. -->","yoast_head_json":{"title":"Lean Construction Forum 2024 Agenda - Planner Exhibitions","robots":{"index":"index","follow":"follow","max-snippet":"max-snippet:-1","max-image-preview":"max-image-preview:large","max-video-preview":"max-video-preview:-1"},"canonical":"https:\/\/plannerexhibitions.com\/en\/lean\/agenda-2024\/","og_locale":"en_US","og_type":"article","og_title":"Lean Construction Forum 2024 Agenda - Planner Exhibitions","og_description":"The event will be held in Spanish, except in sessions where another language is expressly indicated. All sessions will have automatic simultaneous translation into English or Spanish, as appropriate, which will be projected on the top of the screen located on the stage. &nbsp; Lean Construction Forum Partners","og_url":"https:\/\/plannerexhibitions.com\/en\/lean\/agenda-2024\/","og_site_name":"Planner Exhibitions","article_modified_time":"2024-10-24T09:50:39+00:00","og_image":[{"width":1920,"height":1280,"url":"https:\/\/plannerexhibitions.com\/wp-content\/uploads\/2024\/06\/PremiumRealEstateSummit-102.jpg","type":"image\/jpeg"}],"twitter_card":"summary_large_image","twitter_misc":{"Est. reading time":"1 minute"},"schema":{"@context":"https:\/\/schema.org","@graph":[{"@type":"WebPage","@id":"https:\/\/plannerexhibitions.com\/en\/lean\/agenda-2024\/","url":"https:\/\/plannerexhibitions.com\/en\/lean\/agenda-2024\/","name":"Lean Construction Forum 2024 Agenda - Planner Exhibitions","isPartOf":{"@id":"https:\/\/plannerexhibitions.com\/en\/#website"},"primaryImageOfPage":{"@id":"https:\/\/plannerexhibitions.com\/en\/lean\/agenda-2024\/#primaryimage"},"image":{"@id":"https:\/\/plannerexhibitions.com\/en\/lean\/agenda-2024\/#primaryimage"},"thumbnailUrl":"https:\/\/plannerexhibitions.com\/wp-content\/uploads\/2024\/06\/PremiumRealEstateSummit-102.jpg","datePublished":"2024-06-24T13:45:59+00:00","dateModified":"2024-10-24T09:50:39+00:00","breadcrumb":{"@id":"https:\/\/plannerexhibitions.com\/en\/lean\/agenda-2024\/#breadcrumb"},"inLanguage":"en-US","potentialAction":[{"@type":"ReadAction","target":["https:\/\/plannerexhibitions.com\/en\/lean\/agenda-2024\/"]}]},{"@type":"ImageObject","inLanguage":"en-US","@id":"https:\/\/plannerexhibitions.com\/en\/lean\/agenda-2024\/#primaryimage","url":"https:\/\/plannerexhibitions.com\/wp-content\/uploads\/2024\/06\/PremiumRealEstateSummit-102.jpg","contentUrl":"https:\/\/plannerexhibitions.com\/wp-content\/uploads\/2024\/06\/PremiumRealEstateSummit-102.jpg","width":1920,"height":1280},{"@type":"BreadcrumbList","@id":"https:\/\/plannerexhibitions.com\/en\/lean\/agenda-2024\/#breadcrumb","itemListElement":[{"@type":"ListItem","position":1,"name":"Portada","item":"https:\/\/plannerexhibitions.com\/en\/"},{"@type":"ListItem","position":2,"name":"Lean Construction Forum","item":"https:\/\/plannerexhibitions.com\/en\/lean\/"},{"@type":"ListItem","position":3,"name":"Lean Construction Forum 2024 Agenda"}]},{"@type":"WebSite","@id":"https:\/\/plannerexhibitions.com\/en\/#website","url":"https:\/\/plannerexhibitions.com\/en\/","name":"Planner Exhibitions","description":"","publisher":{"@id":"https:\/\/plannerexhibitions.com\/en\/#organization"},"potentialAction":[{"@type":"SearchAction","target":{"@type":"EntryPoint","urlTemplate":"https:\/\/plannerexhibitions.com\/en\/?s={search_term_string}"},"query-input":{"@type":"PropertyValueSpecification","valueRequired":true,"valueName":"search_term_string"}}],"inLanguage":"en-US"},{"@type":"Organization","@id":"https:\/\/plannerexhibitions.com\/en\/#organization","name":"Planner Exhibitions","url":"https:\/\/plannerexhibitions.com\/en\/","logo":{"@type":"ImageObject","inLanguage":"en-US","@id":"https:\/\/plannerexhibitions.com\/en\/#\/schema\/logo\/image\/","url":"https:\/\/plannerexhibitions.com\/wp-content\/uploads\/2024\/06\/Planner_2L.svg","contentUrl":"https:\/\/plannerexhibitions.com\/wp-content\/uploads\/2024\/06\/Planner_2L.svg","width":1,"height":1,"caption":"Planner Exhibitions"},"image":{"@id":"https:\/\/plannerexhibitions.com\/en\/#\/schema\/logo\/image\/"}}]}},"_links":{"self":[{"href":"https:\/\/plannerexhibitions.com\/en\/wp-json\/wp\/v2\/pages\/2079","targetHints":{"allow":["GET"]}}],"collection":[{"href":"https:\/\/plannerexhibitions.com\/en\/wp-json\/wp\/v2\/pages"}],"about":[{"href":"https:\/\/plannerexhibitions.com\/en\/wp-json\/wp\/v2\/types\/page"}],"author":[{"embeddable":true,"href":"https:\/\/plannerexhibitions.com\/en\/wp-json\/wp\/v2\/users\/1"}],"replies":[{"embeddable":true,"href":"https:\/\/plannerexhibitions.com\/en\/wp-json\/wp\/v2\/comments?post=2079"}],"version-history":[{"count":4,"href":"https:\/\/plannerexhibitions.com\/en\/wp-json\/wp\/v2\/pages\/2079\/revisions"}],"predecessor-version":[{"id":4016,"href":"https:\/\/plannerexhibitions.com\/en\/wp-json\/wp\/v2\/pages\/2079\/revisions\/4016"}],"up":[{"embeddable":true,"href":"https:\/\/plannerexhibitions.com\/en\/wp-json\/wp\/v2\/pages\/2062"}],"wp:featuredmedia":[{"embeddable":true,"href":"https:\/\/plannerexhibitions.com\/en\/wp-json\/wp\/v2\/media\/941"}],"wp:attachment":[{"href":"https:\/\/plannerexhibitions.com\/en\/wp-json\/wp\/v2\/media?parent=2079"}],"curies":[{"name":"wp","href":"https:\/\/api.w.org\/{rel}","templated":true}]}}