{"id":2069,"date":"2024-06-24T15:46:55","date_gmt":"2024-06-24T13:46:55","guid":{"rendered":"https:\/\/plannerexhibitions.com\/lean\/partners-2024\/"},"modified":"2024-07-09T12:06:26","modified_gmt":"2024-07-09T10:06:26","slug":"partners-2024","status":"publish","type":"page","link":"https:\/\/plannerexhibitions.com\/en\/lean\/partners-2024\/","title":{"rendered":"Partners Lean Construction Forum 2024"},"content":{"rendered":"<section>\n<div class=\"listado-logos featured\"><div class=\"pro-logos-main\"><p><strong>Silver Partner<\/strong><\/p><div class=\"pro-logos-content\"><div class=\"pro-logo-wrap-evento\" id=\"3414\"><div class=\"pro-logo\"><a href=\"https:\/\/www.rovergrupo.com\/\" target=\"_blank\" rel=\"noopener\"><img decoding=\"async\" class=\"alignnone\" src=\"https:\/\/plannerexhibitions.com\/wp-content\/uploads\/2024\/10\/RoverHorizontal_logotipo_fondoAZUL.jpg\" alt=rover><\/a><\/div><\/div><\/div><\/div><div class=\"pro-logos-main\"><p><strong>Bronze Partner<\/strong><\/p><div class=\"pro-logos-content\"><div class=\"pro-logo-wrap-evento\" id=\"3015\"><div class=\"pro-logo\"><a href=\"https:\/\/acr.es\/\" target=\"_blank\" rel=\"noopener\"><img decoding=\"async\" class=\"alignnone\" src=\"https:\/\/plannerexhibitions.com\/wp-content\/uploads\/2024\/09\/01_ACR_NEGRO.jpg\" alt=acr><\/a><\/div><\/div><div class=\"pro-logo-wrap-evento\" id=\"583\"><div class=\"pro-logo\"><a href=\"https:\/\/www.bilba.es\/\" target=\"_blank\" rel=\"noopener\"><img decoding=\"async\" class=\"alignnone\" src=\"https:\/\/plannerexhibitions.com\/wp-content\/uploads\/2024\/06\/bilba.webp\" alt=bilba><\/a><\/div><\/div><div class=\"pro-logo-wrap-evento\" id=\"3263\"><div class=\"pro-logo\"><a href=\"https:\/\/pecsa.es\/\" target=\"_blank\" rel=\"noopener\"><img decoding=\"async\" class=\"alignnone\" src=\"https:\/\/plannerexhibitions.com\/wp-content\/uploads\/2024\/09\/GRUPO-PECSA.jpg\" alt=grupo pecsa><\/a><\/div><\/div><\/div><\/div><div class=\"pro-logos-main\"><p><strong>Organisers<\/strong><\/p><div class=\"pro-logos-content\"><div class=\"pro-logo-wrap-evento\" id=\"240\"><div class=\"pro-logo\"><a href=\"https:\/\/aedip.org\/\" target=\"_blank\" rel=\"noopener\"><img decoding=\"async\" class=\"alignnone\" src=\"https:\/\/plannerexhibitions.com\/wp-content\/uploads\/2024\/06\/AEDIP-1.jpg\" alt=aedip-asociaci\u00d3n espa\u00d1ola de direcci\u00d3n integrada de proyecto><\/a><\/div><\/div><div class=\"pro-logo-wrap-evento\" id=\"950\"><div class=\"pro-logo\"><a href=\"https:\/\/plannerexhibitions.com\/\" target=\"_blank\" rel=\"noopener\"><img decoding=\"async\" class=\"alignnone\" src=\"https:\/\/plannerexhibitions.com\/wp-content\/uploads\/2024\/06\/Planner_2L.png\" alt=planner exhibitions><\/a><\/div><\/div><\/div><\/div><div class=\"pro-logos-main\"><p><strong>NGO Partner<\/strong><\/p><div class=\"pro-logos-content\"><div class=\"pro-logo-wrap-evento\" id=\"1544\"><div class=\"pro-logo\"><a href=\"https:\/\/fundacionprodis.org\/\" target=\"_blank\" rel=\"noopener\"><img decoding=\"async\" class=\"alignnone\" src=\"https:\/\/plannerexhibitions.com\/wp-content\/uploads\/2024\/06\/PRODIS.jpg\" alt=fundaci\u00f3n prodis><\/a><\/div><\/div><\/div><\/div><\/div>\n<p><div class=\"pro-logos-main\"><p><strong>Industry Partner<\/strong><\/p><div class=\"pro-logos-content\"><div class=\"pro-logo-wrap-evento\" id=\"396\"><div class=\"pro-logo\"><a href=\"https:\/\/consultorasinmobiliarias.es\/home\/\" target=\"_blank\" rel=\"noopener\"><img decoding=\"async\" class=\"alignnone\" src=\"https:\/\/plannerexhibitions.com\/wp-content\/uploads\/2024\/06\/aci.webp\" alt=aci-asociaci\u00f3n de consultoras inmobiliarias><\/a><\/div><\/div><div class=\"pro-logo-wrap-evento\" id=\"237\"><div class=\"pro-logo\"><a href=\"https:\/\/acpmalaga.com\/\" target=\"_blank\" rel=\"noopener\"><img decoding=\"async\" class=\"alignnone\" src=\"https:\/\/plannerexhibitions.com\/wp-content\/uploads\/2024\/06\/ACP-Malaga-1.jpg\" alt=acp m\u00e1laga-asoc. provincial constructores y promotores m\u00e1laga><\/a><\/div><\/div><div class=\"pro-logo-wrap-evento\" id=\"2547\"><div class=\"pro-logo\"><a href=\"https:\/\/www.aecom.es\/\" target=\"_blank\" rel=\"noopener\"><img decoding=\"async\" class=\"alignnone\" src=\"https:\/\/plannerexhibitions.com\/wp-content\/uploads\/2024\/08\/AECOM-1.jpg\" alt=aecom &#8211; asociaci\u00f3n de empresas de la construcci\u00f3n de madrid><\/a><\/div><\/div><div class=\"pro-logo-wrap-evento\" id=\"2919\"><div class=\"pro-logo\"><a href=\"https:\/\/ancisa.com\/\" target=\"_blank\" rel=\"noopener\"><img decoding=\"async\" class=\"alignnone\" src=\"https:\/\/plannerexhibitions.com\/wp-content\/uploads\/2024\/09\/ANCI-logo2022-Pant-288y348-con-espacio41.jpg\" alt=anci &#8211; asociaci\u00f3n nacional de constructores independientes><\/a><\/div><\/div><div class=\"pro-logo-wrap-evento\" id=\"3040\"><div class=\"pro-logo\"><a href=\"https:\/\/www.andece.org\/\" target=\"_blank\" rel=\"noopener\"><img decoding=\"async\" class=\"alignnone\" src=\"https:\/\/plannerexhibitions.com\/wp-content\/uploads\/2024\/09\/Andece.jpg\" alt=andece prefabricados de hormig\u00f3n><\/a><\/div><\/div><div class=\"pro-logo-wrap-evento\" id=\"402\"><div class=\"pro-logo\"><a href=\"http:\/\/www.apce.es\/\" target=\"_blank\" rel=\"noopener\"><img decoding=\"async\" class=\"alignnone\" src=\"https:\/\/plannerexhibitions.com\/wp-content\/uploads\/2024\/06\/APCEspana-Horizontal.jpg\" alt=apce-asociaci\u00f3n de promotores constructores de espa\u00f1a><\/a><\/div><\/div><div class=\"pro-logo-wrap-evento\" id=\"399\"><div class=\"pro-logo\"><a href=\"https:\/\/apcebcn.cat\/\" target=\"_blank\" rel=\"noopener\"><img decoding=\"async\" class=\"alignnone\" src=\"https:\/\/plannerexhibitions.com\/wp-content\/uploads\/2024\/06\/apce-cat.webp\" alt=apce-associaci\u00f3 de promotors de catalunya><\/a><\/div><\/div><div class=\"pro-logo-wrap-evento\" id=\"426\"><div class=\"pro-logo\"><a href=\"https:\/\/aprova.es\/\" target=\"_blank\" rel=\"noopener\"><img decoding=\"async\" class=\"alignnone\" src=\"https:\/\/plannerexhibitions.com\/wp-content\/uploads\/2024\/06\/Aprova.jpg\" alt=aprova-asociaci\u00f3n de empresas promotoras de valencia><\/a><\/div><\/div><div class=\"pro-logo-wrap-evento\" id=\"429\"><div class=\"pro-logo\"><a href=\"http:\/\/www.asprima.es\/\" target=\"_blank\" rel=\"noopener\"><img decoding=\"async\" class=\"alignnone\" src=\"https:\/\/plannerexhibitions.com\/wp-content\/uploads\/2024\/06\/Asprima-1.jpg\" alt=asprima-asociaci\u00f3n de promotores inmobiliarios de madrid><\/a><\/div><\/div><div class=\"pro-logo-wrap-evento\" id=\"3085\"><div class=\"pro-logo\"><a href=\"https:\/\/atedy.es\/\" target=\"_blank\" rel=\"noopener\"><img decoding=\"async\" class=\"alignnone\" src=\"https:\/\/plannerexhibitions.com\/wp-content\/uploads\/2024\/09\/ATEDY.jpg\" alt=atedy &#8211; asociaci\u00f3n t\u00e9cnica y empresarial del yeso><\/a><\/div><\/div><div class=\"pro-logo-wrap-evento\" id=\"3852\"><div class=\"pro-logo\"><a href=\"http:\/\/www.cepco.es\/default.asp\" target=\"_blank\" rel=\"noopener\"><img decoding=\"async\" class=\"alignnone\" src=\"https:\/\/plannerexhibitions.com\/wp-content\/uploads\/2024\/10\/CEPCO.jpg\" alt=cepco &#8211; confederaci\u00f3n espa\u00f1ola de asociaciones de fabricantes de productos de construcci\u00f3n><\/a><\/div><\/div><div class=\"pro-logo-wrap-evento\" id=\"3362\"><div class=\"pro-logo\"><a href=\"https:\/\/www.coam.org\/\" target=\"_blank\" rel=\"noopener\"><img decoding=\"async\" class=\"alignnone\" src=\"https:\/\/plannerexhibitions.com\/wp-content\/uploads\/2024\/10\/coam.jpg\" alt=coam><\/a><\/div><\/div><div class=\"pro-logo-wrap-evento\" id=\"461\"><div class=\"pro-logo\"><a href=\"https:\/\/clubs.ie.edu\/ierealestate\/about\/\" target=\"_blank\" rel=\"noopener\"><img decoding=\"async\" class=\"alignnone\" src=\"https:\/\/plannerexhibitions.com\/wp-content\/uploads\/2024\/06\/ie-real-estate-club.jpg\" alt=ie real estate club><\/a><\/div><\/div><div class=\"pro-logo-wrap-evento\" id=\"476\"><div class=\"pro-logo\"><a href=\"http:\/\/www.provia.es\/\" target=\"_blank\" rel=\"noopener\"><img decoding=\"async\" class=\"alignnone\" src=\"https:\/\/plannerexhibitions.com\/wp-content\/uploads\/2024\/06\/Provia.jpg\" alt=provia-asociaci\u00f3n de promotores inmobiliarios de la provincia de alicante><\/a><\/div><\/div><div class=\"pro-logo-wrap-evento\" id=\"489\"><div class=\"pro-logo\"><a href=\"https:\/\/spain.uli.org\/\" target=\"_blank\" rel=\"noopener\"><img decoding=\"async\" class=\"alignnone\" src=\"https:\/\/plannerexhibitions.com\/wp-content\/uploads\/2024\/06\/ULI-Spain.webp\" alt=uli spain><\/a><\/div><\/div><div class=\"pro-logo-wrap-evento\" id=\"482\"><div class=\"pro-logo\"><a href=\"http:\/\/www.wires.es\/\" target=\"_blank\" rel=\"noopener\"><img decoding=\"async\" class=\"alignnone\" src=\"https:\/\/plannerexhibitions.com\/wp-content\/uploads\/2024\/06\/wires.png\" alt=wires-women in real estate><\/a><\/div><\/div><\/div><\/div><div class=\"pro-logos-main\"><p><strong>Media Partner<\/strong><\/p><div class=\"pro-logos-content\"><div class=\"pro-logo-wrap-evento\" id=\"2289\"><div class=\"pro-logo\"><a href=\"https:\/\/www.fotocasa.es\/\" target=\"_blank\" rel=\"noopener\"><img decoding=\"async\" class=\"alignnone\" src=\"https:\/\/plannerexhibitions.com\/wp-content\/uploads\/2024\/07\/fotocasa-2018-09-12_12-36-38_366803-1.jpg\" alt=fotocasa><\/a><\/div><\/div><div class=\"pro-logo-wrap-evento\" id=\"3451\"><div class=\"pro-logo\"><a href=\"https:\/\/www.ecoconstruccion.net\/\" target=\"_blank\" rel=\"noopener\"><img decoding=\"async\" class=\"alignnone\" src=\"https:\/\/plannerexhibitions.com\/wp-content\/uploads\/2024\/10\/ecoconstruccion.jpg\" alt=revista ecoconstrucci\u00f3n><\/a><\/div><\/div><div class=\"pro-logo-wrap-evento\" id=\"3713\"><div class=\"pro-logo\"><a href=\"https:\/\/roomdiseno.com\/\" target=\"_blank\" rel=\"noopener\"><img decoding=\"async\" class=\"alignnone\" src=\"https:\/\/plannerexhibitions.com\/wp-content\/uploads\/2024\/10\/NewLogo_ROOM-media_partner.jpg\" alt=room dise\u00f1o><\/a><\/div><\/div><div class=\"pro-logo-wrap-evento\" id=\"2144\"><div class=\"pro-logo\"><a href=\"https:\/\/xm2news.com\/\" target=\"_blank\" rel=\"noopener\"><img decoding=\"async\" class=\"alignnone\" src=\"https:\/\/plannerexhibitions.com\/wp-content\/uploads\/2024\/07\/xm2.jpg\" alt=xm2 \u2013 por metro cuadrado><\/a><\/div><\/div><\/div><\/div><\/p>\n<\/p>\n<p>&nbsp;<br \/>\nIf you wish to participate as a partner in the event, please contact:<\/p>\n<p>Eva Oliva: +34 696 596 667 &#8211; <a href=\"mailto:eva.oliva@gplanner.com\" target=\"_blank\" rel=\"noopener\">eva.oliva@gplanner.com<\/a><br \/>\nEnrique Mart\u00edn: +34 639 115 085 &#8211; <a href=\"mailto:enrique.martin@gplanner.com\" target=\"_blank\" rel=\"noopener\">enrique.martin@gplanner.com<\/a><\/p>\n<\/section>\n","protected":false},"excerpt":{"rendered":"<p>&nbsp; If you wish to participate as a partner in the event, please contact: Eva Oliva: +34 696 596 667 &#8211; eva.oliva@gplanner.com Enrique Mart\u00edn: +34 639 115 085 &#8211; enrique.martin@gplanner.com<\/p>\n","protected":false},"author":1,"featured_media":302,"parent":2062,"menu_order":0,"comment_status":"closed","ping_status":"closed","template":"","meta":{"pgc_sgb_lightbox_settings":"","footnotes":""},"class_list":["post-2069","page","type-page","status-publish","has-post-thumbnail","hentry"],"yoast_head":"<!-- This site is optimized with the Yoast SEO plugin v27.2 - https:\/\/yoast.com\/product\/yoast-seo-wordpress\/ -->\n<title>Partners Lean Construction Forum 2024 - Planner Exhibitions<\/title>\n<meta name=\"robots\" content=\"index, follow, max-snippet:-1, max-image-preview:large, max-video-preview:-1\" \/>\n<link rel=\"canonical\" href=\"https:\/\/plannerexhibitions.com\/en\/lean\/partners-2024\/\" \/>\n<meta property=\"og:locale\" content=\"en_US\" \/>\n<meta property=\"og:type\" content=\"article\" \/>\n<meta property=\"og:title\" content=\"Partners Lean Construction Forum 2024 - Planner Exhibitions\" \/>\n<meta property=\"og:description\" content=\"&nbsp; If you wish to participate as a partner in the event, please contact: Eva Oliva: +34 696 596 667 &#8211; eva.oliva@gplanner.com Enrique Mart\u00edn: +34 639 115 085 &#8211; enrique.martin@gplanner.com\" \/>\n<meta property=\"og:url\" content=\"https:\/\/plannerexhibitions.com\/en\/lean\/partners-2024\/\" \/>\n<meta property=\"og:site_name\" content=\"Planner Exhibitions\" \/>\n<meta property=\"article:modified_time\" content=\"2024-07-09T10:06:26+00:00\" \/>\n<meta property=\"og:image\" content=\"https:\/\/plannerexhibitions.com\/wp-content\/uploads\/2024\/05\/PremiumRealEstateSummit-155.jpg\" \/>\n\t<meta property=\"og:image:width\" content=\"1920\" \/>\n\t<meta property=\"og:image:height\" content=\"1280\" \/>\n\t<meta property=\"og:image:type\" content=\"image\/jpeg\" \/>\n<meta name=\"twitter:card\" content=\"summary_large_image\" \/>\n<meta name=\"twitter:label1\" content=\"Est. reading time\" \/>\n\t<meta name=\"twitter:data1\" content=\"1 minute\" \/>\n<script type=\"application\/ld+json\" class=\"yoast-schema-graph\">{\"@context\":\"https:\/\/schema.org\",\"@graph\":[{\"@type\":\"WebPage\",\"@id\":\"https:\/\/plannerexhibitions.com\/en\/lean\/partners-2024\/\",\"url\":\"https:\/\/plannerexhibitions.com\/en\/lean\/partners-2024\/\",\"name\":\"Partners Lean Construction Forum 2024 - Planner Exhibitions\",\"isPartOf\":{\"@id\":\"https:\/\/plannerexhibitions.com\/en\/#website\"},\"primaryImageOfPage\":{\"@id\":\"https:\/\/plannerexhibitions.com\/en\/lean\/partners-2024\/#primaryimage\"},\"image\":{\"@id\":\"https:\/\/plannerexhibitions.com\/en\/lean\/partners-2024\/#primaryimage\"},\"thumbnailUrl\":\"https:\/\/plannerexhibitions.com\/wp-content\/uploads\/2024\/05\/PremiumRealEstateSummit-155.jpg\",\"datePublished\":\"2024-06-24T13:46:55+00:00\",\"dateModified\":\"2024-07-09T10:06:26+00:00\",\"breadcrumb\":{\"@id\":\"https:\/\/plannerexhibitions.com\/en\/lean\/partners-2024\/#breadcrumb\"},\"inLanguage\":\"en-US\",\"potentialAction\":[{\"@type\":\"ReadAction\",\"target\":[\"https:\/\/plannerexhibitions.com\/en\/lean\/partners-2024\/\"]}]},{\"@type\":\"ImageObject\",\"inLanguage\":\"en-US\",\"@id\":\"https:\/\/plannerexhibitions.com\/en\/lean\/partners-2024\/#primaryimage\",\"url\":\"https:\/\/plannerexhibitions.com\/wp-content\/uploads\/2024\/05\/PremiumRealEstateSummit-155.jpg\",\"contentUrl\":\"https:\/\/plannerexhibitions.com\/wp-content\/uploads\/2024\/05\/PremiumRealEstateSummit-155.jpg\",\"width\":1920,\"height\":1280},{\"@type\":\"BreadcrumbList\",\"@id\":\"https:\/\/plannerexhibitions.com\/en\/lean\/partners-2024\/#breadcrumb\",\"itemListElement\":[{\"@type\":\"ListItem\",\"position\":1,\"name\":\"Portada\",\"item\":\"https:\/\/plannerexhibitions.com\/en\/\"},{\"@type\":\"ListItem\",\"position\":2,\"name\":\"Lean Construction Forum\",\"item\":\"https:\/\/plannerexhibitions.com\/en\/lean\/\"},{\"@type\":\"ListItem\",\"position\":3,\"name\":\"Partners Lean Construction Forum 2024\"}]},{\"@type\":\"WebSite\",\"@id\":\"https:\/\/plannerexhibitions.com\/en\/#website\",\"url\":\"https:\/\/plannerexhibitions.com\/en\/\",\"name\":\"Planner Exhibitions\",\"description\":\"\",\"publisher\":{\"@id\":\"https:\/\/plannerexhibitions.com\/en\/#organization\"},\"potentialAction\":[{\"@type\":\"SearchAction\",\"target\":{\"@type\":\"EntryPoint\",\"urlTemplate\":\"https:\/\/plannerexhibitions.com\/en\/?s={search_term_string}\"},\"query-input\":{\"@type\":\"PropertyValueSpecification\",\"valueRequired\":true,\"valueName\":\"search_term_string\"}}],\"inLanguage\":\"en-US\"},{\"@type\":\"Organization\",\"@id\":\"https:\/\/plannerexhibitions.com\/en\/#organization\",\"name\":\"Planner Exhibitions\",\"url\":\"https:\/\/plannerexhibitions.com\/en\/\",\"logo\":{\"@type\":\"ImageObject\",\"inLanguage\":\"en-US\",\"@id\":\"https:\/\/plannerexhibitions.com\/en\/#\/schema\/logo\/image\/\",\"url\":\"https:\/\/plannerexhibitions.com\/wp-content\/uploads\/2024\/06\/Planner_2L.svg\",\"contentUrl\":\"https:\/\/plannerexhibitions.com\/wp-content\/uploads\/2024\/06\/Planner_2L.svg\",\"width\":1,\"height\":1,\"caption\":\"Planner Exhibitions\"},\"image\":{\"@id\":\"https:\/\/plannerexhibitions.com\/en\/#\/schema\/logo\/image\/\"}}]}<\/script>\n<!-- \/ Yoast SEO plugin. -->","yoast_head_json":{"title":"Partners Lean Construction Forum 2024 - Planner Exhibitions","robots":{"index":"index","follow":"follow","max-snippet":"max-snippet:-1","max-image-preview":"max-image-preview:large","max-video-preview":"max-video-preview:-1"},"canonical":"https:\/\/plannerexhibitions.com\/en\/lean\/partners-2024\/","og_locale":"en_US","og_type":"article","og_title":"Partners Lean Construction Forum 2024 - Planner Exhibitions","og_description":"&nbsp; If you wish to participate as a partner in the event, please contact: Eva Oliva: +34 696 596 667 &#8211; eva.oliva@gplanner.com Enrique Mart\u00edn: +34 639 115 085 &#8211; enrique.martin@gplanner.com","og_url":"https:\/\/plannerexhibitions.com\/en\/lean\/partners-2024\/","og_site_name":"Planner Exhibitions","article_modified_time":"2024-07-09T10:06:26+00:00","og_image":[{"width":1920,"height":1280,"url":"https:\/\/plannerexhibitions.com\/wp-content\/uploads\/2024\/05\/PremiumRealEstateSummit-155.jpg","type":"image\/jpeg"}],"twitter_card":"summary_large_image","twitter_misc":{"Est. reading time":"1 minute"},"schema":{"@context":"https:\/\/schema.org","@graph":[{"@type":"WebPage","@id":"https:\/\/plannerexhibitions.com\/en\/lean\/partners-2024\/","url":"https:\/\/plannerexhibitions.com\/en\/lean\/partners-2024\/","name":"Partners Lean Construction Forum 2024 - Planner Exhibitions","isPartOf":{"@id":"https:\/\/plannerexhibitions.com\/en\/#website"},"primaryImageOfPage":{"@id":"https:\/\/plannerexhibitions.com\/en\/lean\/partners-2024\/#primaryimage"},"image":{"@id":"https:\/\/plannerexhibitions.com\/en\/lean\/partners-2024\/#primaryimage"},"thumbnailUrl":"https:\/\/plannerexhibitions.com\/wp-content\/uploads\/2024\/05\/PremiumRealEstateSummit-155.jpg","datePublished":"2024-06-24T13:46:55+00:00","dateModified":"2024-07-09T10:06:26+00:00","breadcrumb":{"@id":"https:\/\/plannerexhibitions.com\/en\/lean\/partners-2024\/#breadcrumb"},"inLanguage":"en-US","potentialAction":[{"@type":"ReadAction","target":["https:\/\/plannerexhibitions.com\/en\/lean\/partners-2024\/"]}]},{"@type":"ImageObject","inLanguage":"en-US","@id":"https:\/\/plannerexhibitions.com\/en\/lean\/partners-2024\/#primaryimage","url":"https:\/\/plannerexhibitions.com\/wp-content\/uploads\/2024\/05\/PremiumRealEstateSummit-155.jpg","contentUrl":"https:\/\/plannerexhibitions.com\/wp-content\/uploads\/2024\/05\/PremiumRealEstateSummit-155.jpg","width":1920,"height":1280},{"@type":"BreadcrumbList","@id":"https:\/\/plannerexhibitions.com\/en\/lean\/partners-2024\/#breadcrumb","itemListElement":[{"@type":"ListItem","position":1,"name":"Portada","item":"https:\/\/plannerexhibitions.com\/en\/"},{"@type":"ListItem","position":2,"name":"Lean Construction Forum","item":"https:\/\/plannerexhibitions.com\/en\/lean\/"},{"@type":"ListItem","position":3,"name":"Partners Lean Construction Forum 2024"}]},{"@type":"WebSite","@id":"https:\/\/plannerexhibitions.com\/en\/#website","url":"https:\/\/plannerexhibitions.com\/en\/","name":"Planner Exhibitions","description":"","publisher":{"@id":"https:\/\/plannerexhibitions.com\/en\/#organization"},"potentialAction":[{"@type":"SearchAction","target":{"@type":"EntryPoint","urlTemplate":"https:\/\/plannerexhibitions.com\/en\/?s={search_term_string}"},"query-input":{"@type":"PropertyValueSpecification","valueRequired":true,"valueName":"search_term_string"}}],"inLanguage":"en-US"},{"@type":"Organization","@id":"https:\/\/plannerexhibitions.com\/en\/#organization","name":"Planner Exhibitions","url":"https:\/\/plannerexhibitions.com\/en\/","logo":{"@type":"ImageObject","inLanguage":"en-US","@id":"https:\/\/plannerexhibitions.com\/en\/#\/schema\/logo\/image\/","url":"https:\/\/plannerexhibitions.com\/wp-content\/uploads\/2024\/06\/Planner_2L.svg","contentUrl":"https:\/\/plannerexhibitions.com\/wp-content\/uploads\/2024\/06\/Planner_2L.svg","width":1,"height":1,"caption":"Planner Exhibitions"},"image":{"@id":"https:\/\/plannerexhibitions.com\/en\/#\/schema\/logo\/image\/"}}]}},"_links":{"self":[{"href":"https:\/\/plannerexhibitions.com\/en\/wp-json\/wp\/v2\/pages\/2069","targetHints":{"allow":["GET"]}}],"collection":[{"href":"https:\/\/plannerexhibitions.com\/en\/wp-json\/wp\/v2\/pages"}],"about":[{"href":"https:\/\/plannerexhibitions.com\/en\/wp-json\/wp\/v2\/types\/page"}],"author":[{"embeddable":true,"href":"https:\/\/plannerexhibitions.com\/en\/wp-json\/wp\/v2\/users\/1"}],"replies":[{"embeddable":true,"href":"https:\/\/plannerexhibitions.com\/en\/wp-json\/wp\/v2\/comments?post=2069"}],"version-history":[{"count":4,"href":"https:\/\/plannerexhibitions.com\/en\/wp-json\/wp\/v2\/pages\/2069\/revisions"}],"predecessor-version":[{"id":2162,"href":"https:\/\/plannerexhibitions.com\/en\/wp-json\/wp\/v2\/pages\/2069\/revisions\/2162"}],"up":[{"embeddable":true,"href":"https:\/\/plannerexhibitions.com\/en\/wp-json\/wp\/v2\/pages\/2062"}],"wp:featuredmedia":[{"embeddable":true,"href":"https:\/\/plannerexhibitions.com\/en\/wp-json\/wp\/v2\/media\/302"}],"wp:attachment":[{"href":"https:\/\/plannerexhibitions.com\/en\/wp-json\/wp\/v2\/media?parent=2069"}],"curies":[{"name":"wp","href":"https:\/\/api.w.org\/{rel}","templated":true}]}}