{"id":2062,"date":"2024-06-24T15:32:23","date_gmt":"2024-06-24T13:32:23","guid":{"rendered":"https:\/\/plannerexhibitions.com\/?page_id=2062"},"modified":"2025-06-05T13:57:40","modified_gmt":"2025-06-05T11:57:40","slug":"lean","status":"publish","type":"page","link":"https:\/\/plannerexhibitions.com\/en\/lean\/","title":{"rendered":"Lean Construction Forum"},"content":{"rendered":"\n<div class=\"wp-block-group cabecera-evento lean\"><div class=\"wp-block-group__inner-container is-layout-constrained wp-block-group-is-layout-constrained\">\n<figure class=\"wp-block-image size-large\"><img loading=\"lazy\" decoding=\"async\" width=\"1024\" height=\"683\" src=\"https:\/\/plannerexhibitions.com\/wp-content\/uploads\/2024\/11\/NGN_1552-1024x683.jpg\" alt=\"\" class=\"wp-image-5008\" srcset=\"https:\/\/plannerexhibitions.com\/wp-content\/uploads\/2024\/11\/NGN_1552-1024x683.jpg 1024w, https:\/\/plannerexhibitions.com\/wp-content\/uploads\/2024\/11\/NGN_1552-300x200.jpg 300w, https:\/\/plannerexhibitions.com\/wp-content\/uploads\/2024\/11\/NGN_1552-768x512.jpg 768w, https:\/\/plannerexhibitions.com\/wp-content\/uploads\/2024\/11\/NGN_1552-1536x1024.jpg 1536w, https:\/\/plannerexhibitions.com\/wp-content\/uploads\/2024\/11\/NGN_1552.jpg 1600w\" sizes=\"auto, (max-width: 1024px) 100vw, 1024px\" \/><\/figure>\n\n\n\n<div class=\"wp-block-group\"><div class=\"wp-block-group__inner-container is-layout-constrained wp-block-group-is-layout-constrained\">\n<h2 class=\"wp-block-heading\">Lean Construction Forum 2024<\/h2>\n\n\n\n<p>The first forum dedicated to the stakeholders that make up the Lean Construction and collaborative procurement ecosystem in Spain<\/p>\n\n\n\n<div class=\"wp-block-buttons is-layout-flex wp-block-buttons-is-layout-flex\">\n<div class=\"wp-block-button\"><a class=\"wp-block-button__link wp-element-button\" href=\"https:\/\/plannerexhibitions.com\/lean\/galeria-2024\/\">Photo Gallery<\/a><\/div>\n\n\n\n<div class=\"wp-block-button\"><a class=\"wp-block-button__link wp-element-button\" href=\"https:\/\/plannerexhibitions.com\/lean-construction-forum-abriendo-camino-hacia-un-sector-inmobiliario-mas-eficiente-sostenible-y-digitalizado\/\">Press release<\/a><\/div>\n<\/div>\n<\/div><\/div>\n<\/div><\/div>\n\n\n\n<section class=\"wp-block-group g-two-left\"><div class=\"wp-block-group__inner-container is-layout-constrained wp-block-group-is-layout-constrained\">\n<figure class=\"wp-block-image size-large image\"><img loading=\"lazy\" decoding=\"async\" width=\"1024\" height=\"682\" src=\"https:\/\/plannerexhibitions.com\/wp-content\/uploads\/2024\/06\/pexels-frankfurtpictures-830891-scalled-1024x682.jpg\" alt=\"\" class=\"wp-image-964\" srcset=\"https:\/\/plannerexhibitions.com\/wp-content\/uploads\/2024\/06\/pexels-frankfurtpictures-830891-scalled-1024x682.jpg 1024w, https:\/\/plannerexhibitions.com\/wp-content\/uploads\/2024\/06\/pexels-frankfurtpictures-830891-scalled-300x200.jpg 300w, https:\/\/plannerexhibitions.com\/wp-content\/uploads\/2024\/06\/pexels-frankfurtpictures-830891-scalled-768x511.jpg 768w, https:\/\/plannerexhibitions.com\/wp-content\/uploads\/2024\/06\/pexels-frankfurtpictures-830891-scalled-1536x1022.jpg 1536w, https:\/\/plannerexhibitions.com\/wp-content\/uploads\/2024\/06\/pexels-frankfurtpictures-830891-scalled.jpg 1600w\" sizes=\"auto, (max-width: 1024px) 100vw, 1024px\" \/><\/figure>\n\n\n\n<div class=\"wp-block-group content\"><div class=\"wp-block-group__inner-container is-layout-constrained wp-block-group-is-layout-constrained\">\n<h2 class=\"wp-block-heading\">What is it?<\/h2>\n\n\n\n<p>Lean Construction Forum is the meeting point for the stakeholders that make up the Lean Construction and collaborative procurement ecosystem in Spain. In this forum, knowledge and networking go hand in hand in a day in which topics such as the fundamentals of Lean Construction, its international situation, collaborative contracting and success stories of the sector&#8217;s leading experts will be discussed.<\/p>\n\n\n\n<p>The first edition of the Lean Construction Forum will be held on November 14 at COAM, Madrid. It will feature a high-level conference program in which leading experts will share their knowledge and experience. In addition, the Lean Construction Forum will have an exclusive networking area, where you can expand your network of contacts and do business.<\/p>\n<\/div><\/div>\n<\/div><\/section>\n\n\n\n<section class=\"wp-block-group g-two-right\"><div class=\"wp-block-group__inner-container is-layout-constrained wp-block-group-is-layout-constrained\">\n<figure class=\"wp-block-image size-large image\"><img loading=\"lazy\" decoding=\"async\" width=\"1024\" height=\"683\" src=\"https:\/\/plannerexhibitions.com\/wp-content\/uploads\/2024\/06\/pexels-aleksandr-firstov-721199686-18306671-1024x683.jpg\" alt=\"\" class=\"wp-image-974\" srcset=\"https:\/\/plannerexhibitions.com\/wp-content\/uploads\/2024\/06\/pexels-aleksandr-firstov-721199686-18306671-1024x683.jpg 1024w, https:\/\/plannerexhibitions.com\/wp-content\/uploads\/2024\/06\/pexels-aleksandr-firstov-721199686-18306671-300x200.jpg 300w, https:\/\/plannerexhibitions.com\/wp-content\/uploads\/2024\/06\/pexels-aleksandr-firstov-721199686-18306671-768x512.jpg 768w, https:\/\/plannerexhibitions.com\/wp-content\/uploads\/2024\/06\/pexels-aleksandr-firstov-721199686-18306671-1536x1024.jpg 1536w, https:\/\/plannerexhibitions.com\/wp-content\/uploads\/2024\/06\/pexels-aleksandr-firstov-721199686-18306671-2048x1365.jpg 2048w\" sizes=\"auto, (max-width: 1024px) 100vw, 1024px\" \/><\/figure>\n\n\n\n<div class=\"wp-block-group content\"><div class=\"wp-block-group__inner-container is-layout-constrained wp-block-group-is-layout-constrained\">\n<h2 class=\"wp-block-heading\">Why Lean Construction?<\/h2>\n\n\n\n<p>The construction industry faces constant challenges such as price uncertainty, cost overruns, delivery delays or lack of project coordination. The Lean Construction philosophy was born bursting with force in the AEC sector to provide solutions to today&#8217;s challenges.<\/p>\n\n\n\n<p>This philosophy seeks to create value by means of effective tools and techniques, placing special emphasis on people and on the collaboration of the agents involved.<\/p>\n<\/div><\/div>\n<\/div><\/section>\n\n\n\n<section class=\"wp-block-group\"><div class=\"wp-block-group__inner-container is-layout-constrained wp-block-group-is-layout-constrained\">\n<div class=\"wp-block-group bloque-featured right lean\"><div class=\"wp-block-group__inner-container is-layout-constrained wp-block-group-is-layout-constrained\">\n<figure class=\"wp-block-image size-large image-featured\"><img loading=\"lazy\" decoding=\"async\" width=\"1024\" height=\"683\" src=\"https:\/\/plannerexhibitions.com\/wp-content\/uploads\/2024\/06\/REFfopw-4581-1024x683.jpg\" alt=\"\" class=\"wp-image-977\" srcset=\"https:\/\/plannerexhibitions.com\/wp-content\/uploads\/2024\/06\/REFfopw-4581-1024x683.jpg 1024w, https:\/\/plannerexhibitions.com\/wp-content\/uploads\/2024\/06\/REFfopw-4581-300x200.jpg 300w, https:\/\/plannerexhibitions.com\/wp-content\/uploads\/2024\/06\/REFfopw-4581-768x512.jpg 768w, https:\/\/plannerexhibitions.com\/wp-content\/uploads\/2024\/06\/REFfopw-4581.jpg 1161w\" sizes=\"auto, (max-width: 1024px) 100vw, 1024px\" \/><\/figure>\n\n\n\n<h2 class=\"wp-block-heading\">Who are we addressing?<\/h2>\n\n\n\n<ul class=\"wp-block-list column-count\">\n<li>Development and construction companies<\/li>\n\n\n\n<li>Architecture firms, engineering firms and consulting firms<\/li>\n\n\n\n<li>Materials and systems suppliers<\/li>\n\n\n\n<li>Installation companies<\/li>\n\n\n\n<li>Real estate companies<\/li>\n\n\n\n<li>Operating companies and operators<\/li>\n\n\n\n<li>Insurance companies<\/li>\n\n\n\n<li>Law firms<\/li>\n\n\n\n<li>Facility Managers<\/li>\n<\/ul>\n<\/div><\/div>\n<\/div><\/section>\n\n\n\n<section class=\"wp-block-group g-two-right\"><div class=\"wp-block-group__inner-container is-layout-constrained wp-block-group-is-layout-constrained\">\n<figure class=\"wp-block-image size-full image\"><img loading=\"lazy\" decoding=\"async\" width=\"731\" height=\"772\" src=\"https:\/\/plannerexhibitions.com\/wp-content\/uploads\/2024\/11\/Acr385444238182411019.jpg\" alt=\"\" class=\"wp-image-4685\" srcset=\"https:\/\/plannerexhibitions.com\/wp-content\/uploads\/2024\/11\/Acr385444238182411019.jpg 731w, https:\/\/plannerexhibitions.com\/wp-content\/uploads\/2024\/11\/Acr385444238182411019-284x300.jpg 284w\" sizes=\"auto, (max-width: 731px) 100vw, 731px\" \/><\/figure>\n\n\n\n<div class=\"wp-block-group content\"><div class=\"wp-block-group__inner-container is-layout-constrained wp-block-group-is-layout-constrained\">\n<h2 class=\"wp-block-heading\">Documents of interest<\/h2>\n\n\n\n<p>Lean Construction Forum makes available to professionals some documents of interest on Lean methodology and collaborative procurement.<\/p>\n\n\n\n<h4 class=\"wp-block-heading\">LEAN CONSTRUCTION tools<\/h4>\n\n\n\n<p>LEAN CONSTRUCTION methodologies sheets to facilitate the approach to these techniques and encourage the implementation of LEAN in the sector.<br>Prepared by: CLUSTER DE LA EDIFICACI\u00d3N<\/p>\n\n\n\n<div class=\"wp-block-buttons lean is-layout-flex wp-block-buttons-is-layout-flex\">\n<div class=\"wp-block-button\"><a class=\"wp-block-button__link wp-element-button\" href=\"https:\/\/clusteredificacion.com\/herramientas-de-lean-construction\/\">More information<\/a><\/div>\n<\/div>\n<\/div><\/div>\n<\/div><\/section>\n\n\n\n<section id=\"parnters\" class=\"wp-block-group\"><div class=\"wp-block-group__inner-container is-layout-constrained wp-block-group-is-layout-constrained\">\n<h3 class=\"wp-block-heading\">LEAN CONSTRUCTION FORUM 2024P artners<\/h3>\n\n\n<div class=\"listado-logos featured\"><div class=\"pro-logos-main\"><p><strong>Silver Partner<\/strong><\/p><div class=\"pro-logos-content\"><div class=\"pro-logo-wrap-evento\" id=\"3414\"><div class=\"pro-logo\"><a href=\"https:\/\/www.rovergrupo.com\/\" target=\"_blank\" rel=\"noopener\"><img decoding=\"async\" class=\"alignnone\" src=\"https:\/\/plannerexhibitions.com\/wp-content\/uploads\/2024\/10\/RoverHorizontal_logotipo_fondoAZUL.jpg\" alt=rover><\/a><\/div><\/div><\/div><\/div><div class=\"pro-logos-main\"><p><strong>Bronze Partner<\/strong><\/p><div class=\"pro-logos-content\"><div class=\"pro-logo-wrap-evento\" id=\"3015\"><div class=\"pro-logo\"><a href=\"https:\/\/acr.es\/\" target=\"_blank\" rel=\"noopener\"><img decoding=\"async\" class=\"alignnone\" src=\"https:\/\/plannerexhibitions.com\/wp-content\/uploads\/2024\/09\/01_ACR_NEGRO.jpg\" alt=acr><\/a><\/div><\/div><div class=\"pro-logo-wrap-evento\" id=\"583\"><div class=\"pro-logo\"><a href=\"https:\/\/www.bilba.es\/\" target=\"_blank\" rel=\"noopener\"><img decoding=\"async\" class=\"alignnone\" src=\"https:\/\/plannerexhibitions.com\/wp-content\/uploads\/2024\/06\/bilba.webp\" alt=bilba><\/a><\/div><\/div><div class=\"pro-logo-wrap-evento\" id=\"3263\"><div class=\"pro-logo\"><a href=\"https:\/\/pecsa.es\/\" target=\"_blank\" rel=\"noopener\"><img decoding=\"async\" class=\"alignnone\" src=\"https:\/\/plannerexhibitions.com\/wp-content\/uploads\/2024\/09\/GRUPO-PECSA.jpg\" alt=grupo pecsa><\/a><\/div><\/div><\/div><\/div><div class=\"pro-logos-main\"><p><strong>Organisers<\/strong><\/p><div class=\"pro-logos-content\"><div class=\"pro-logo-wrap-evento\" id=\"240\"><div class=\"pro-logo\"><a href=\"https:\/\/aedip.org\/\" target=\"_blank\" rel=\"noopener\"><img decoding=\"async\" class=\"alignnone\" src=\"https:\/\/plannerexhibitions.com\/wp-content\/uploads\/2024\/06\/AEDIP-1.jpg\" alt=aedip-asociaci\u00d3n espa\u00d1ola de direcci\u00d3n integrada de proyecto><\/a><\/div><\/div><div class=\"pro-logo-wrap-evento\" id=\"950\"><div class=\"pro-logo\"><a href=\"https:\/\/plannerexhibitions.com\/\" target=\"_blank\" rel=\"noopener\"><img decoding=\"async\" class=\"alignnone\" src=\"https:\/\/plannerexhibitions.com\/wp-content\/uploads\/2024\/06\/Planner_2L.png\" alt=planner exhibitions><\/a><\/div><\/div><\/div><\/div><div class=\"pro-logos-main\"><p><strong>NGO Partner<\/strong><\/p><div class=\"pro-logos-content\"><div class=\"pro-logo-wrap-evento\" id=\"1544\"><div class=\"pro-logo\"><a href=\"https:\/\/fundacionprodis.org\/\" target=\"_blank\" rel=\"noopener\"><img decoding=\"async\" class=\"alignnone\" src=\"https:\/\/plannerexhibitions.com\/wp-content\/uploads\/2024\/06\/PRODIS.jpg\" alt=fundaci\u00f3n prodis><\/a><\/div><\/div><\/div><\/div><\/div>\n\n\n\n<div class=\"wp-block-buttons is-layout-flex wp-block-buttons-is-layout-flex\">\n<div class=\"wp-block-button lean\"><a class=\"wp-block-button__link wp-element-button\" href=\"https:\/\/plannerexhibitions.com\/en\/lean\/partners-2024\/\">See all partners<\/a><\/div>\n<\/div>\n<\/div><\/section>\n\n\n\n<p><\/p>\n","protected":false},"excerpt":{"rendered":"<p>Lean Construction Forum 2024 The first forum dedicated to the stakeholders that make up the Lean Construction and collaborative procurement ecosystem in Spain What is it? Lean Construction Forum is the meeting point for the stakeholders that make up the Lean Construction and collaborative procurement ecosystem in Spain. In this forum, knowledge and networking go [&hellip;]<\/p>\n","protected":false},"author":1,"featured_media":0,"parent":0,"menu_order":5,"comment_status":"closed","ping_status":"closed","template":"","meta":{"pgc_sgb_lightbox_settings":"","footnotes":""},"class_list":["post-2062","page","type-page","status-publish","hentry"],"yoast_head":"<!-- This site is optimized with the Yoast SEO plugin v27.2 - https:\/\/yoast.com\/product\/yoast-seo-wordpress\/ -->\n<title>Lean Construction Forum - Planner Exhibitions<\/title>\n<meta name=\"robots\" content=\"index, follow, max-snippet:-1, max-image-preview:large, max-video-preview:-1\" \/>\n<link rel=\"canonical\" href=\"https:\/\/plannerexhibitions.com\/en\/lean\/\" \/>\n<meta property=\"og:locale\" content=\"en_US\" \/>\n<meta property=\"og:type\" content=\"article\" \/>\n<meta property=\"og:title\" content=\"Lean Construction Forum - Planner Exhibitions\" \/>\n<meta property=\"og:description\" content=\"Lean Construction Forum 2024 The first forum dedicated to the stakeholders that make up the Lean Construction and collaborative procurement ecosystem in Spain What is it? Lean Construction Forum is the meeting point for the stakeholders that make up the Lean Construction and collaborative procurement ecosystem in Spain. In this forum, knowledge and networking go [&hellip;]\" \/>\n<meta property=\"og:url\" content=\"https:\/\/plannerexhibitions.com\/en\/lean\/\" \/>\n<meta property=\"og:site_name\" content=\"Planner Exhibitions\" \/>\n<meta property=\"article:modified_time\" content=\"2025-06-05T11:57:40+00:00\" \/>\n<meta property=\"og:image\" content=\"https:\/\/plannerexhibitions.com\/wp-content\/uploads\/2024\/11\/NGN_1552.jpg\" \/>\n\t<meta property=\"og:image:width\" content=\"1600\" \/>\n\t<meta property=\"og:image:height\" content=\"1067\" \/>\n\t<meta property=\"og:image:type\" content=\"image\/jpeg\" \/>\n<meta name=\"twitter:card\" content=\"summary_large_image\" \/>\n<meta name=\"twitter:label1\" content=\"Est. reading time\" \/>\n\t<meta name=\"twitter:data1\" content=\"3 minutes\" \/>\n<script type=\"application\/ld+json\" class=\"yoast-schema-graph\">{\"@context\":\"https:\/\/schema.org\",\"@graph\":[{\"@type\":\"WebPage\",\"@id\":\"https:\/\/plannerexhibitions.com\/en\/lean\/\",\"url\":\"https:\/\/plannerexhibitions.com\/en\/lean\/\",\"name\":\"Lean Construction Forum - Planner Exhibitions\",\"isPartOf\":{\"@id\":\"https:\/\/plannerexhibitions.com\/en\/#website\"},\"primaryImageOfPage\":{\"@id\":\"https:\/\/plannerexhibitions.com\/en\/lean\/#primaryimage\"},\"image\":{\"@id\":\"https:\/\/plannerexhibitions.com\/en\/lean\/#primaryimage\"},\"thumbnailUrl\":\"https:\/\/plannerexhibitions.com\/wp-content\/uploads\/2024\/11\/NGN_1552-1024x683.jpg\",\"datePublished\":\"2024-06-24T13:32:23+00:00\",\"dateModified\":\"2025-06-05T11:57:40+00:00\",\"breadcrumb\":{\"@id\":\"https:\/\/plannerexhibitions.com\/en\/lean\/#breadcrumb\"},\"inLanguage\":\"en-US\",\"potentialAction\":[{\"@type\":\"ReadAction\",\"target\":[\"https:\/\/plannerexhibitions.com\/en\/lean\/\"]}]},{\"@type\":\"ImageObject\",\"inLanguage\":\"en-US\",\"@id\":\"https:\/\/plannerexhibitions.com\/en\/lean\/#primaryimage\",\"url\":\"https:\/\/plannerexhibitions.com\/wp-content\/uploads\/2024\/11\/NGN_1552-1024x683.jpg\",\"contentUrl\":\"https:\/\/plannerexhibitions.com\/wp-content\/uploads\/2024\/11\/NGN_1552-1024x683.jpg\"},{\"@type\":\"BreadcrumbList\",\"@id\":\"https:\/\/plannerexhibitions.com\/en\/lean\/#breadcrumb\",\"itemListElement\":[{\"@type\":\"ListItem\",\"position\":1,\"name\":\"Portada\",\"item\":\"https:\/\/plannerexhibitions.com\/en\/\"},{\"@type\":\"ListItem\",\"position\":2,\"name\":\"Lean Construction Forum\"}]},{\"@type\":\"WebSite\",\"@id\":\"https:\/\/plannerexhibitions.com\/en\/#website\",\"url\":\"https:\/\/plannerexhibitions.com\/en\/\",\"name\":\"Planner Exhibitions\",\"description\":\"\",\"publisher\":{\"@id\":\"https:\/\/plannerexhibitions.com\/en\/#organization\"},\"potentialAction\":[{\"@type\":\"SearchAction\",\"target\":{\"@type\":\"EntryPoint\",\"urlTemplate\":\"https:\/\/plannerexhibitions.com\/en\/?s={search_term_string}\"},\"query-input\":{\"@type\":\"PropertyValueSpecification\",\"valueRequired\":true,\"valueName\":\"search_term_string\"}}],\"inLanguage\":\"en-US\"},{\"@type\":\"Organization\",\"@id\":\"https:\/\/plannerexhibitions.com\/en\/#organization\",\"name\":\"Planner Exhibitions\",\"url\":\"https:\/\/plannerexhibitions.com\/en\/\",\"logo\":{\"@type\":\"ImageObject\",\"inLanguage\":\"en-US\",\"@id\":\"https:\/\/plannerexhibitions.com\/en\/#\/schema\/logo\/image\/\",\"url\":\"https:\/\/plannerexhibitions.com\/wp-content\/uploads\/2024\/06\/Planner_2L.svg\",\"contentUrl\":\"https:\/\/plannerexhibitions.com\/wp-content\/uploads\/2024\/06\/Planner_2L.svg\",\"width\":1,\"height\":1,\"caption\":\"Planner Exhibitions\"},\"image\":{\"@id\":\"https:\/\/plannerexhibitions.com\/en\/#\/schema\/logo\/image\/\"}}]}<\/script>\n<!-- \/ Yoast SEO plugin. -->","yoast_head_json":{"title":"Lean Construction Forum - Planner Exhibitions","robots":{"index":"index","follow":"follow","max-snippet":"max-snippet:-1","max-image-preview":"max-image-preview:large","max-video-preview":"max-video-preview:-1"},"canonical":"https:\/\/plannerexhibitions.com\/en\/lean\/","og_locale":"en_US","og_type":"article","og_title":"Lean Construction Forum - Planner Exhibitions","og_description":"Lean Construction Forum 2024 The first forum dedicated to the stakeholders that make up the Lean Construction and collaborative procurement ecosystem in Spain What is it? Lean Construction Forum is the meeting point for the stakeholders that make up the Lean Construction and collaborative procurement ecosystem in Spain. In this forum, knowledge and networking go [&hellip;]","og_url":"https:\/\/plannerexhibitions.com\/en\/lean\/","og_site_name":"Planner Exhibitions","article_modified_time":"2025-06-05T11:57:40+00:00","og_image":[{"width":1600,"height":1067,"url":"https:\/\/plannerexhibitions.com\/wp-content\/uploads\/2024\/11\/NGN_1552.jpg","type":"image\/jpeg"}],"twitter_card":"summary_large_image","twitter_misc":{"Est. reading time":"3 minutes"},"schema":{"@context":"https:\/\/schema.org","@graph":[{"@type":"WebPage","@id":"https:\/\/plannerexhibitions.com\/en\/lean\/","url":"https:\/\/plannerexhibitions.com\/en\/lean\/","name":"Lean Construction Forum - Planner Exhibitions","isPartOf":{"@id":"https:\/\/plannerexhibitions.com\/en\/#website"},"primaryImageOfPage":{"@id":"https:\/\/plannerexhibitions.com\/en\/lean\/#primaryimage"},"image":{"@id":"https:\/\/plannerexhibitions.com\/en\/lean\/#primaryimage"},"thumbnailUrl":"https:\/\/plannerexhibitions.com\/wp-content\/uploads\/2024\/11\/NGN_1552-1024x683.jpg","datePublished":"2024-06-24T13:32:23+00:00","dateModified":"2025-06-05T11:57:40+00:00","breadcrumb":{"@id":"https:\/\/plannerexhibitions.com\/en\/lean\/#breadcrumb"},"inLanguage":"en-US","potentialAction":[{"@type":"ReadAction","target":["https:\/\/plannerexhibitions.com\/en\/lean\/"]}]},{"@type":"ImageObject","inLanguage":"en-US","@id":"https:\/\/plannerexhibitions.com\/en\/lean\/#primaryimage","url":"https:\/\/plannerexhibitions.com\/wp-content\/uploads\/2024\/11\/NGN_1552-1024x683.jpg","contentUrl":"https:\/\/plannerexhibitions.com\/wp-content\/uploads\/2024\/11\/NGN_1552-1024x683.jpg"},{"@type":"BreadcrumbList","@id":"https:\/\/plannerexhibitions.com\/en\/lean\/#breadcrumb","itemListElement":[{"@type":"ListItem","position":1,"name":"Portada","item":"https:\/\/plannerexhibitions.com\/en\/"},{"@type":"ListItem","position":2,"name":"Lean Construction Forum"}]},{"@type":"WebSite","@id":"https:\/\/plannerexhibitions.com\/en\/#website","url":"https:\/\/plannerexhibitions.com\/en\/","name":"Planner Exhibitions","description":"","publisher":{"@id":"https:\/\/plannerexhibitions.com\/en\/#organization"},"potentialAction":[{"@type":"SearchAction","target":{"@type":"EntryPoint","urlTemplate":"https:\/\/plannerexhibitions.com\/en\/?s={search_term_string}"},"query-input":{"@type":"PropertyValueSpecification","valueRequired":true,"valueName":"search_term_string"}}],"inLanguage":"en-US"},{"@type":"Organization","@id":"https:\/\/plannerexhibitions.com\/en\/#organization","name":"Planner Exhibitions","url":"https:\/\/plannerexhibitions.com\/en\/","logo":{"@type":"ImageObject","inLanguage":"en-US","@id":"https:\/\/plannerexhibitions.com\/en\/#\/schema\/logo\/image\/","url":"https:\/\/plannerexhibitions.com\/wp-content\/uploads\/2024\/06\/Planner_2L.svg","contentUrl":"https:\/\/plannerexhibitions.com\/wp-content\/uploads\/2024\/06\/Planner_2L.svg","width":1,"height":1,"caption":"Planner Exhibitions"},"image":{"@id":"https:\/\/plannerexhibitions.com\/en\/#\/schema\/logo\/image\/"}}]}},"_links":{"self":[{"href":"https:\/\/plannerexhibitions.com\/en\/wp-json\/wp\/v2\/pages\/2062","targetHints":{"allow":["GET"]}}],"collection":[{"href":"https:\/\/plannerexhibitions.com\/en\/wp-json\/wp\/v2\/pages"}],"about":[{"href":"https:\/\/plannerexhibitions.com\/en\/wp-json\/wp\/v2\/types\/page"}],"author":[{"embeddable":true,"href":"https:\/\/plannerexhibitions.com\/en\/wp-json\/wp\/v2\/users\/1"}],"replies":[{"embeddable":true,"href":"https:\/\/plannerexhibitions.com\/en\/wp-json\/wp\/v2\/comments?post=2062"}],"version-history":[{"count":3,"href":"https:\/\/plannerexhibitions.com\/en\/wp-json\/wp\/v2\/pages\/2062\/revisions"}],"predecessor-version":[{"id":6694,"href":"https:\/\/plannerexhibitions.com\/en\/wp-json\/wp\/v2\/pages\/2062\/revisions\/6694"}],"wp:attachment":[{"href":"https:\/\/plannerexhibitions.com\/en\/wp-json\/wp\/v2\/media?parent=2062"}],"curies":[{"name":"wp","href":"https:\/\/api.w.org\/{rel}","templated":true}]}}